{"id":1137,"date":"2022-11-30T00:03:53","date_gmt":"2022-11-29T23:03:53","guid":{"rendered":"https:\/\/www.mantall.eu\/?post_type=product&#038;p=1137"},"modified":"2025-11-02T13:53:31","modified_gmt":"2025-11-02T12:53:31","slug":"alp10-winda-do-materialow","status":"publish","type":"product","link":"https:\/\/www.mantall.eu\/pl\/aerial-lifts\/sml-10-material-lift\/","title":{"rendered":"Podno\u015bnik materia\u0142owy SML-10"},"content":{"rendered":"<h2>Specyfikacja podno\u015bnika materia\u0142owego SML-10<span style=\"vertical-align: middle; padding: 0 10px;\"><div class=\"_df_thumb\" id=\"df_1142\"  _slug=\"alp\" data-title=\"alp\" wpoptions=\"true\" thumb=\"https:\/\/www.mantall.eu\/wp-content\/uploads\/2022\/11\/pdf.svg\" thumbtype=\"\" >alp<\/div><script class=\"df-shortcode-script\" nowprocket type=\"application\/javascript\">window.option_df_1142 = {\"outline\":[],\"autoEnableOutline\":\"false\",\"autoEnableThumbnail\":\"false\",\"overwritePDFOutline\":\"false\",\"direction\":\"1\",\"pageSize\":\"0\",\"source\":\"https:\\\/\\\/www.mantall.eu\\\/wp-content\\\/uploads\\\/2024\\\/04\\\/sml_EN_2024.pdf\",\"wpOptions\":\"true\"}; if(window.DFLIP && window.DFLIP.parseBooks){window.DFLIP.parseBooks();}<\/script><\/span><\/h2>\n<table class=\"specification\">\n<thead>\n<tr>\n<th>Specyfikacja<\/th>\n<th>Warto\u015b\u0107<\/th>\n<\/tr>\n<\/thead>\n<tbody>\n<tr>\n<td>Maks. wysoko\u015b\u0107 podnoszenia - wid\u0142y do g\u00f3ry<\/td>\n<td>3.48 m<\/td>\n<\/tr>\n<tr>\n<td>Maks. wysoko\u015b\u0107 podnoszenia - wid\u0142y w d\u00f3\u0142<\/td>\n<td>2.96 m<\/td>\n<\/tr>\n<tr>\n<td>\u0141adowno\u015b\u0107<\/td>\n<td>260 kg<\/td>\n<\/tr>\n<tr>\n<td>Wysoko\u015b\u0107 po z\u0142o\u017ceniu<\/td>\n<td>2.02 m<\/td>\n<\/tr>\n<tr>\n<td>Szeroko\u015b\u0107 po z\u0142o\u017ceniu<\/td>\n<td>0.79 m<\/td>\n<\/tr>\n<tr>\n<td>Waga<\/td>\n<td>163 kg<\/td>\n<\/tr>\n<\/tbody>\n<\/table>","protected":false},"excerpt":{"rendered":"<p>Mantall<span id=\"super\">\u00ae<\/span> SML-10 Material Lift to r\u0119cznie obs\u0142ugiwany podno\u015bnik materia\u0142owy, kt\u00f3ry nie wymaga zasilania. Kompaktowa, lekka i przeno\u015bna konstrukcja pozwala na bezproblemowy przejazd przez standardowe drzwi i jest \u0142atwa w instalacji i za\u0142adunku na ci\u0119\u017car\u00f3wk\u0119. Mo\u017ce podnie\u015b\u0107 do 260 kg na wysoko\u015b\u0107 3,48 m.<br \/>\nPodno\u015bnik materia\u0142owy SML-10 jest idealny do zastosowa\u0144 wymagaj\u0105cych podnoszenia, takich jak kompletacja w magazynie, instalacja kana\u0142\u00f3w i wentylacji, budowa scen, naprawa HVAC i inne.<\/p>","protected":false},"featured_media":1699,"template":"","meta":{"_acf_changed":false,"_uag_custom_page_level_css":"","site-sidebar-layout":"default","site-content-layout":"default","ast-site-content-layout":"default","site-content-style":"default","site-sidebar-style":"default","ast-global-header-display":"","ast-banner-title-visibility":"","ast-main-header-display":"","ast-hfb-above-header-display":"","ast-hfb-below-header-display":"","ast-hfb-mobile-header-display":"","site-post-title":"","ast-breadcrumbs-content":"","ast-featured-img":"","footer-sml-layout":"","ast-disable-related-posts":"","theme-transparent-header-meta":"default","adv-header-id-meta":"","stick-header-meta":"default","header-above-stick-meta":"","header-main-stick-meta":"","header-below-stick-meta":"","astra-migrate-meta-layouts":"set","ast-page-background-enabled":"default","ast-page-background-meta":{"desktop":{"background-color":"var(--ast-global-color-4)","background-image":"","background-repeat":"repeat","background-position":"center center","background-size":"auto","background-attachment":"scroll","background-type":"","background-media":"","overlay-type":"","overlay-color":"","overlay-opacity":"","overlay-gradient":""},"tablet":{"background-color":"","background-image":"","background-repeat":"repeat","background-position":"center center","background-size":"auto","background-attachment":"scroll","background-type":"","background-media":"","overlay-type":"","overlay-color":"","overlay-opacity":"","overlay-gradient":""},"mobile":{"background-color":"","background-image":"","background-repeat":"repeat","background-position":"center center","background-size":"auto","background-attachment":"scroll","background-type":"","background-media":"","overlay-type":"","overlay-color":"","overlay-opacity":"","overlay-gradient":""}},"ast-content-background-meta":{"desktop":{"background-color":"var(--ast-global-color-5)","background-image":"","background-repeat":"repeat","background-position":"center center","background-size":"auto","background-attachment":"scroll","background-type":"","background-media":"","overlay-type":"","overlay-color":"","overlay-opacity":"","overlay-gradient":""},"tablet":{"background-color":"var(--ast-global-color-5)","background-image":"","background-repeat":"repeat","background-position":"center center","background-size":"auto","background-attachment":"scroll","background-type":"","background-media":"","overlay-type":"","overlay-color":"","overlay-opacity":"","overlay-gradient":""},"mobile":{"background-color":"var(--ast-global-color-5)","background-image":"","background-repeat":"repeat","background-position":"center center","background-size":"auto","background-attachment":"scroll","background-type":"","background-media":"","overlay-type":"","overlay-color":"","overlay-opacity":"","overlay-gradient":""}}},"product_brand":[],"product_cat":[119],"product_tag":[],"class_list":{"0":"post-1137","1":"product","2":"type-product","3":"status-publish","4":"has-post-thumbnail","6":"product_cat-material-lifts","7":"desktop-align-left","8":"tablet-align-left","9":"mobile-align-left","10":"ast-product-gallery-layout-first-image-large","11":"ast-product-tabs-layout-horizontal","13":"first","14":"instock","15":"taxable","16":"shipping-taxable","17":"product-type-simple"},"acf":[],"spectra_custom_meta":{"_uabb_version":["1.35.2"],"_edit_lock":["1762087879:1"],"_edit_last":["1"],"rank_math_seo_score":["75"],"rank_math_contentai_score":["a:4:{s:9:\"wordCount\";s:3:\"100\";s:9:\"linkCount\";s:1:\"0\";s:12:\"headingCount\";s:3:\"100\";s:10:\"mediaCount\";s:5:\"62.22\";}"],"total_sales":["0"],"_tax_status":["taxable"],"_tax_class":[""],"_manage_stock":["no"],"_backorders":["no"],"_sold_individually":["no"],"_virtual":["no"],"_downloadable":["no"],"_download_limit":["-1"],"_download_expiry":["-1"],"_stock":[null],"_stock_status":["instock"],"_wc_average_rating":["0"],"_wc_review_count":["0"],"_product_version":["10.3.4"],"brief_description":["<table class=\"specification\">\r\n<tbody>\r\n<tr>\r\n<td>Max Lifting Height - forks-up<\/td>\r\n<td>3.48 m<\/td>\r\n<\/tr>\r\n<tr>\r\n<td>Load Capacity<\/td>\r\n<td>260 kg<\/td>\r\n<\/tr>\r\n<tr>\r\n<td>Stowed Height<\/td>\r\n<td>2.02 m<\/td>\r\n<\/tr>\r\n<tr>\r\n<td>Stowed Width<\/td>\r\n<td>0.79 m<\/td>\r\n<\/tr>\r\n<\/tbody>\r\n<\/table>"],"_brief_description":["field_637c0851009a8"],"standard_features":["<h2>Standard Features<\/h2>\r\n<ul>\r\n \t<li>Incorporates a silent ratchet system<\/li>\r\n \t<li>Transportation wheels<\/li>\r\n \t<li>Roller wheels with brake<\/li>\r\n \t<li>Standard forks<\/li>\r\n \t<li>Telescopic mast design<\/li>\r\n \t<li>Solid steel base<\/li>\r\n<\/ul>"],"_standard_features":["field_6373e9bbd18e2"],"downloads":["<h2>Downloads<\/h2>\r\n<div class=\"productDownloads\"><a href=\"https:\/\/www.mantall.eu\/wp-content\/uploads\/2024\/04\/sml_EN_2024.pdf\" target=\"_blank\" rel=\"noopener\">SML-10 - Product Specifications - 2024 - EN<\/a>\r\n<a href=\"https:\/\/www.mantall.eu\/wp-content\/uploads\/2024\/04\/sml_ES_2024.pdf\" target=\"_blank\" rel=\"noopener\">SML-10 - Product Specifications - 2024 - ES<\/a><\/div>"],"_downloads":["field_6373eb91d18e3"],"options":["<h2>Options<\/h2>\r\n<ul>\r\n \t<li>Adjustable forks<\/li>\r\n \t<li>Flat forks<\/li>\r\n \t<li>Boom<\/li>\r\n \t<li>Pipe cross forks<\/li>\r\n \t<li>Load platform<\/li>\r\n \t<li>Anti-fall function<\/li>\r\n<\/ul>"],"_options":["field_6373ebdfd18e4"],"rank_math_internal_links_processed":["1"],"rank_math_primary_product_cat":["119"],"site-sidebar-layout":["default"],"site-content-layout":["default"],"theme-transparent-header-meta":["default"],"stick-header-meta":["default"],"rank_math_focus_keyword":["Material Lift"],"_product_attributes":["a:2:{s:26:\"pa_material-lifting-height\";a:6:{s:4:\"name\";s:26:\"pa_material-lifting-height\";s:5:\"value\";s:0:\"\";s:8:\"position\";i:0;s:10:\"is_visible\";i:1;s:12:\"is_variation\";i:0;s:11:\"is_taxonomy\";i:1;}s:20:\"pa_material-capacity\";a:6:{s:4:\"name\";s:20:\"pa_material-capacity\";s:5:\"value\";s:0:\"\";s:8:\"position\";i:1;s:10:\"is_visible\";i:1;s:12:\"is_variation\";i:0;s:11:\"is_taxonomy\";i:1;}}"],"_thumbnail_id":["1699"],"_product_image_gallery":["1139"],"rank_math_title":["SML-10 Material Lift | Aerial Lifts - Mantall"],"rank_math_description":["SML-10 Material Lift is a manually operated material lift that does not require power, and easy to install and load onto a truck. It can lift up to 454kg to a height of 3.48m."],"_trp_translated_slug_es_ES":["elevador-de-material-alp10"],"_trp_automatically_translated_slug_de_DE":["alp10-material-lift"],"_trp_automatically_translated_slug_fr_FR":["alp10-material-lift"],"_trp_automatically_translated_slug_it_IT":["alp10-sollevamento-materiali"],"_trp_automatically_translated_slug_pl_PL":["alp10-winda-do-materialow"],"_trp_automatically_translated_slug_nl_NL":["alp10-materiaal-lift"],"_trp_automatically_translated_slug_pt_PT":["alp10-material-lift"],"rank_math_analytic_object_id":["8"],"_wp_old_slug":["alp10-material-lift","alp-10-material-lift"],"astra_style_timestamp_css":["1742183465"],"_rank_math_gtin_code":[""],"video":[""],"_video":["field_63927274ced01"],"cmplz_hide_cookiebanner":[""],"ast-site-content-layout":["default"],"site-content-style":["default"],"site-sidebar-style":["default"],"rank_math_primary_product_brand":["0"],"astra-migrate-meta-layouts":["set"]},"uagb_featured_image_src":{"full":["https:\/\/www.mantall.eu\/wp-content\/uploads\/2024\/04\/SML-25_01-1.webp",800,800,false],"thumbnail":["https:\/\/www.mantall.eu\/wp-content\/uploads\/2024\/04\/SML-25_01-1-150x150.webp",150,150,true],"medium":["https:\/\/www.mantall.eu\/wp-content\/uploads\/2024\/04\/SML-25_01-1-300x300.webp",300,300,true],"medium_large":["https:\/\/www.mantall.eu\/wp-content\/uploads\/2024\/04\/SML-25_01-1-768x768.webp",768,768,true],"large":["https:\/\/www.mantall.eu\/wp-content\/uploads\/2024\/04\/SML-25_01-1.webp",800,800,false],"1536x1536":["https:\/\/www.mantall.eu\/wp-content\/uploads\/2024\/04\/SML-25_01-1.webp",800,800,false],"2048x2048":["https:\/\/www.mantall.eu\/wp-content\/uploads\/2024\/04\/SML-25_01-1.webp",800,800,false],"trp-custom-language-flag":["https:\/\/www.mantall.eu\/wp-content\/uploads\/2024\/04\/SML-25_01-1-12x12.webp",12,12,true],"woocommerce_thumbnail":["https:\/\/www.mantall.eu\/wp-content\/uploads\/2024\/04\/SML-25_01-1-300x300.webp",300,300,true],"woocommerce_single":["https:\/\/www.mantall.eu\/wp-content\/uploads\/2024\/04\/SML-25_01-1.webp",800,800,false],"woocommerce_gallery_thumbnail":["https:\/\/www.mantall.eu\/wp-content\/uploads\/2024\/04\/SML-25_01-1-100x100.webp",100,100,true]},"uagb_author_info":{"display_name":"mantall","author_link":"https:\/\/www.mantall.eu\/pl\/author\/"},"uagb_comment_info":0,"uagb_excerpt":"Mantall\u00ae SML-10 Material Lift is a manually operated material lift that does not require power. The compact, lightweight and portable design allows it to pass through standard doorways effortlessly and is easy to install and load onto a truck. It can lift up to 260kg to a height of 3.48m. SML-10 Material Lift is ideal&hellip;","_links":{"self":[{"href":"https:\/\/www.mantall.eu\/pl\/wp-json\/wp\/v2\/product\/1137","targetHints":{"allow":["GET"]}}],"collection":[{"href":"https:\/\/www.mantall.eu\/pl\/wp-json\/wp\/v2\/product"}],"about":[{"href":"https:\/\/www.mantall.eu\/pl\/wp-json\/wp\/v2\/types\/product"}],"wp:featuredmedia":[{"embeddable":true,"href":"https:\/\/www.mantall.eu\/pl\/wp-json\/wp\/v2\/media\/1699"}],"wp:attachment":[{"href":"https:\/\/www.mantall.eu\/pl\/wp-json\/wp\/v2\/media?parent=1137"}],"wp:term":[{"taxonomy":"product_brand","embeddable":true,"href":"https:\/\/www.mantall.eu\/pl\/wp-json\/wp\/v2\/product_brand?post=1137"},{"taxonomy":"product_cat","embeddable":true,"href":"https:\/\/www.mantall.eu\/pl\/wp-json\/wp\/v2\/product_cat?post=1137"},{"taxonomy":"product_tag","embeddable":true,"href":"https:\/\/www.mantall.eu\/pl\/wp-json\/wp\/v2\/product_tag?post=1137"}],"curies":[{"name":"wp","href":"https:\/\/api.w.org\/{rel}","templated":true}]}}