{"id":940,"date":"2022-11-27T11:05:30","date_gmt":"2022-11-27T10:05:30","guid":{"rendered":"https:\/\/www.mantall.eu\/?post_type=product&#038;p=940"},"modified":"2022-12-17T18:01:44","modified_gmt":"2022-12-17T17:01:44","slug":"cmp14s-aerial-work-platform","status":"publish","type":"product","link":"https:\/\/www.mantall.eu\/fr\/aerial-lifts\/cmp14s-aerial-work-platform\/","title":{"rendered":"Plate-forme de travail a\u00e9rien CMP14-S"},"content":{"rendered":"<h2>Sp\u00e9cifications de la plate-forme de travail a\u00e9rien CMP14-S<span style=\"vertical-align: middle; padding: 0 10px;\"><div class=\"_df_thumb\" id=\"df_930\"  _slug=\"cmp-s\" data-title=\"cmp-s\" wpoptions=\"true\" thumb=\"https:\/\/www.mantall.eu\/wp-content\/uploads\/2022\/11\/pdf.svg\" thumbtype=\"\" >cmp-s<\/div><script class=\"df-shortcode-script\" nowprocket type=\"application\/javascript\">window.option_df_930 = {\"outline\":[],\"autoEnableOutline\":\"false\",\"autoEnableThumbnail\":\"false\",\"overwritePDFOutline\":\"false\",\"direction\":\"1\",\"pageSize\":\"0\",\"source\":\"https:\\\/\\\/www.mantall.eu\\\/wp-content\\\/uploads\\\/2022\\\/11\\\/cmp-s_EN.pdf\",\"wpOptions\":\"true\"}; if(window.DFLIP && window.DFLIP.parseBooks){window.DFLIP.parseBooks();}<\/script><\/span><\/h2>\n<table class=\"specification\">\n<thead>\n<tr>\n<th>Sp\u00e9cifications<\/th>\n<th>Valeur<\/th>\n<\/tr>\n<\/thead>\n<tbody>\n<tr>\n<td>Hauteur de travail maximale<\/td>\n<td>14 m<\/td>\n<\/tr>\n<tr>\n<td>Capacit\u00e9 de levage<\/td>\n<td>200 kg<\/td>\n<\/tr>\n<tr>\n<td>Largeur totale<\/td>\n<td>0.8 m<\/td>\n<\/tr>\n<tr>\n<td>Longueur totale<\/td>\n<td>1.6 m<\/td>\n<\/tr>\n<tr>\n<td>Poids<\/td>\n<td>1100 kg<\/td>\n<\/tr>\n<\/tbody>\n<\/table>","protected":false},"excerpt":{"rendered":"<p class=\"translation-block\">La nacelle \u00e9l\u00e9vatrice Mantall<span id=\"super\">\u00ae<\/span> CMP14-S a une hauteur de travail maximale de 14 m\u00e8tres. Avec son m\u00e2t double en aluminium \u00e0 haute r\u00e9sistance et ses cha\u00eenes de levage robustes, son ch\u00e2ssis en acier robuste assure un levage et une descente en toute s\u00e9curit\u00e9 avec une capacit\u00e9 de charge maximale de 200 kg. La grande plate-forme est fabriqu\u00e9e en alliage d'aluminium, ce qui offre aux travailleurs beaucoup d'espace pour effectuer toute une s\u00e9rie de travaux en hauteur. La nacelle CMP14-S est \u00e9quip\u00e9e d'un syst\u00e8me de double commande qui permet \u00e0 l'op\u00e9rateur de contr\u00f4ler la mont\u00e9e et la descente de la nacelle tout en restant debout sur la nacelle ou au sol.<\/p>","protected":false},"featured_media":920,"template":"","meta":{"_acf_changed":false,"_uag_custom_page_level_css":"","site-sidebar-layout":"default","site-content-layout":"default","ast-site-content-layout":"default","site-content-style":"default","site-sidebar-style":"default","ast-global-header-display":"","ast-banner-title-visibility":"","ast-main-header-display":"","ast-hfb-above-header-display":"","ast-hfb-below-header-display":"","ast-hfb-mobile-header-display":"","site-post-title":"","ast-breadcrumbs-content":"","ast-featured-img":"","footer-sml-layout":"","ast-disable-related-posts":"","theme-transparent-header-meta":"default","adv-header-id-meta":"","stick-header-meta":"default","header-above-stick-meta":"","header-main-stick-meta":"","header-below-stick-meta":"","astra-migrate-meta-layouts":"default","ast-page-background-enabled":"default","ast-page-background-meta":{"desktop":{"background-color":"var(--ast-global-color-4)","background-image":"","background-repeat":"repeat","background-position":"center center","background-size":"auto","background-attachment":"scroll","background-type":"","background-media":"","overlay-type":"","overlay-color":"","overlay-opacity":"","overlay-gradient":""},"tablet":{"background-color":"","background-image":"","background-repeat":"repeat","background-position":"center center","background-size":"auto","background-attachment":"scroll","background-type":"","background-media":"","overlay-type":"","overlay-color":"","overlay-opacity":"","overlay-gradient":""},"mobile":{"background-color":"","background-image":"","background-repeat":"repeat","background-position":"center center","background-size":"auto","background-attachment":"scroll","background-type":"","background-media":"","overlay-type":"","overlay-color":"","overlay-opacity":"","overlay-gradient":""}},"ast-content-background-meta":{"desktop":{"background-color":"var(--ast-global-color-5)","background-image":"","background-repeat":"repeat","background-position":"center center","background-size":"auto","background-attachment":"scroll","background-type":"","background-media":"","overlay-type":"","overlay-color":"","overlay-opacity":"","overlay-gradient":""},"tablet":{"background-color":"var(--ast-global-color-5)","background-image":"","background-repeat":"repeat","background-position":"center center","background-size":"auto","background-attachment":"scroll","background-type":"","background-media":"","overlay-type":"","overlay-color":"","overlay-opacity":"","overlay-gradient":""},"mobile":{"background-color":"var(--ast-global-color-5)","background-image":"","background-repeat":"repeat","background-position":"center center","background-size":"auto","background-attachment":"scroll","background-type":"","background-media":"","overlay-type":"","overlay-color":"","overlay-opacity":"","overlay-gradient":""}}},"product_brand":[],"product_cat":[22],"product_tag":[],"class_list":{"0":"post-940","1":"product","2":"type-product","3":"status-publish","4":"has-post-thumbnail","6":"product_cat-vertical-mast-lifts","7":"desktop-align-left","8":"tablet-align-left","9":"mobile-align-left","10":"ast-product-gallery-layout-first-image-large","11":"ast-product-tabs-layout-horizontal","13":"first","14":"instock","15":"taxable","16":"shipping-taxable","17":"product-type-simple"},"acf":[],"spectra_custom_meta":{"rank_math_internal_links_processed":["1","1","1","1","1","1","1","1","1","1","1","1"],"total_sales":["0"],"_tax_status":["taxable"],"_tax_class":[""],"_manage_stock":["no"],"_backorders":["no"],"_sold_individually":["no"],"_virtual":["no"],"_downloadable":["no"],"_download_limit":["-1"],"_download_expiry":["-1"],"_thumbnail_id":["920"],"_stock":[null],"_stock_status":["instock"],"_wc_average_rating":["0"],"_wc_review_count":["0"],"_product_attributes":["a:5:{s:26:\"pa_vertical-working-height\";a:6:{s:4:\"name\";s:26:\"pa_vertical-working-height\";s:5:\"value\";s:0:\"\";s:8:\"position\";i:0;s:10:\"is_visible\";i:1;s:12:\"is_variation\";i:0;s:11:\"is_taxonomy\";i:1;}s:20:\"pa_vertical-outreach\";a:6:{s:4:\"name\";s:20:\"pa_vertical-outreach\";s:5:\"value\";s:0:\"\";s:8:\"position\";i:1;s:10:\"is_visible\";i:1;s:12:\"is_variation\";i:0;s:11:\"is_taxonomy\";i:1;}s:20:\"pa_vertical-capacity\";a:6:{s:4:\"name\";s:20:\"pa_vertical-capacity\";s:5:\"value\";s:0:\"\";s:8:\"position\";i:2;s:10:\"is_visible\";i:1;s:12:\"is_variation\";i:0;s:11:\"is_taxonomy\";i:1;}s:15:\"pa_power-source\";a:6:{s:4:\"name\";s:15:\"pa_power-source\";s:5:\"value\";s:0:\"\";s:8:\"position\";i:3;s:10:\"is_visible\";i:1;s:12:\"is_variation\";i:0;s:11:\"is_taxonomy\";i:1;}s:14:\"pa_mobile-mode\";a:6:{s:4:\"name\";s:14:\"pa_mobile-mode\";s:5:\"value\";s:0:\"\";s:8:\"position\";i:4;s:10:\"is_visible\";i:1;s:12:\"is_variation\";i:0;s:11:\"is_taxonomy\";i:1;}}"],"_product_version":["7.2.0"],"_uabb_version":["1.35.2"],"rank_math_seo_score":["78"],"rank_math_contentai_score":["a:4:{s:9:\"wordCount\";s:3:\"100\";s:9:\"linkCount\";s:1:\"0\";s:12:\"headingCount\";s:3:\"100\";s:10:\"mediaCount\";s:5:\"62.22\";}"],"brief_description":["<table class=\"specification\">\r\n<tbody>\r\n<tr>\r\n<td>Max Working Height<\/td>\r\n<td>14 m<\/td>\r\n<\/tr>\r\n<tr>\r\n<td>Lifting Capacity<\/td>\r\n<td>200 kg<\/td>\r\n<\/tr>\r\n<tr>\r\n<td>Overall Width<\/td>\r\n<td>0.8 m<\/td>\r\n<\/tr>\r\n<tr>\r\n<td>Overall Length<\/td>\r\n<td>1.6 m<\/td>\r\n<\/tr>\r\n<\/tbody>\r\n<\/table>"],"_brief_description":["field_637c0851009a8"],"standard_features":["<h2>Standard Features<\/h2>\r\n<ul>\r\n \t<li>Aluminum Platform Basket<\/li>\r\n \t<li>Polyurethane Non-mark tires<\/li>\r\n \t<li>Forklift Pockets<\/li>\r\n \t<li>Foldable Inclined Ladder<\/li>\r\n \t<li>Two controls: Platform Control and Ground Control<\/li>\r\n \t<li>Lower Beeper warning<\/li>\r\n \t<li>Rotation Platform (CMP18 only)<\/li>\r\n \t<li>Emergency Lower Down<\/li>\r\n \t<li>Outrigger Storage Frame<\/li>\r\n \t<li>Maintenance-free battery<\/li>\r\n<\/ul>"],"_standard_features":["field_6373e9bbd18e2"],"downloads":["<h2>Downloads<\/h2>\r\n<div class=\"productDownloads\"><a href=\"\/wp-content\/uploads\/2022\/11\/cmp-s_EN.pdf\" target=\"_blank\" rel=\"noopener noreferrer\"><span id=\"dw-icon\"><i class=\"fas fa-download\"><\/i><\/span>CMP-S series - Product Specifications - 2022 - EN<\/a>\r\n<a href=\"\/wp-content\/uploads\/2022\/11\/cmp-s_ES.pdf\" target=\"_blank\" rel=\"noopener noreferrer\"><span id=\"dw-icon\"><i class=\"fas fa-download\"><\/i><\/span>CMP-S series - Product Specifications - 2022 - ES<\/a><\/div>"],"options":["<h2>Options<\/h2>\r\n<ul>\r\n \t<li>Door Type wide Platform<\/li>\r\n \t<li>Narrow\/Rough Ground Chassis<\/li>\r\n \t<li>Wide Chassis<\/li>\r\n \t<li>DC Power<\/li>\r\n \t<li>Tool Box<\/li>\r\n \t<li>Platform Positioning Laser light<\/li>\r\n \t<li>Fluorescent Tubes Box<\/li>\r\n \t<li>Working Flashing Beacon<\/li>\r\n \t<li>Top Limit Protection Auto-stop device<\/li>\r\n \t<li>Auxiliary drive wheel<\/li>\r\n \t<li>Equipment Protection cover<\/li>\r\n<\/ul>"],"_options":["field_6373ebdfd18e4"],"rank_math_primary_product_cat":["22"],"site-sidebar-layout":["default"],"site-content-layout":["default"],"theme-transparent-header-meta":["default"],"stick-header-meta":["default"],"rank_math_focus_keyword":["Aerial Work Platform"],"_edit_lock":["1671296552:2"],"_edit_last":["2"],"_product_image_gallery":["921"],"_downloads":["field_6373eb91d18e3"],"video":["<iframe width=\"320\" height=\"180\"\r\nsrc=\"https:\/\/www.youtube.com\/embed\/oh_EtqckzxA\">\r\n<\/iframe>"],"_video":["field_63927274ced01"],"cmplz_hide_cookiebanner":[""],"rank_math_title":["CMP14-S Aerial Work Platform | Aerial Lifts - Mantall"],"rank_math_description":["Mantall CMP14-S aerial work platform has a maximum working height of 14 meters. It can smoothly lift two workers and their tools with a maximum load of 200kg."],"_trp_translated_slug_es_ES":["elevadora-de-mastil-vertical-cmp14s"],"_trp_automatically_translated_slug_de_DE":["cmp14s-luftarbeitsbuhne"],"_trp_automatically_translated_slug_fr_FR":["cmp14s-aerial-work-platform"],"_trp_automatically_translated_slug_it_IT":["cmp14s-piattaforma-di-lavoro-aereo"],"_trp_automatically_translated_slug_pl_PL":["cmp14s-aerial-work-platform"],"_trp_automatically_translated_slug_nl_NL":["cmp14s-aeriaal-werkplatform"],"_trp_automatically_translated_slug_pt_PT":["cmp14s-plataforma-de-trabalho-aereo"],"rank_math_analytic_object_id":["40"],"astra_style_timestamp_css":["1742115148"]},"uagb_featured_image_src":{"full":["https:\/\/www.mantall.eu\/wp-content\/uploads\/2022\/11\/cmp14s_01.webp",600,800,false],"thumbnail":["https:\/\/www.mantall.eu\/wp-content\/uploads\/2022\/11\/cmp14s_01-150x150.webp",150,150,true],"medium":["https:\/\/www.mantall.eu\/wp-content\/uploads\/2022\/11\/cmp14s_01-225x300.webp",225,300,true],"medium_large":["https:\/\/www.mantall.eu\/wp-content\/uploads\/2022\/11\/cmp14s_01.webp",600,800,false],"large":["https:\/\/www.mantall.eu\/wp-content\/uploads\/2022\/11\/cmp14s_01.webp",600,800,false],"1536x1536":["https:\/\/www.mantall.eu\/wp-content\/uploads\/2022\/11\/cmp14s_01.webp",600,800,false],"2048x2048":["https:\/\/www.mantall.eu\/wp-content\/uploads\/2022\/11\/cmp14s_01.webp",600,800,false],"trp-custom-language-flag":["https:\/\/www.mantall.eu\/wp-content\/uploads\/2022\/11\/cmp14s_01-9x12.webp",9,12,true],"woocommerce_thumbnail":["https:\/\/www.mantall.eu\/wp-content\/uploads\/2022\/11\/cmp14s_01-300x400.webp",300,400,true],"woocommerce_single":["https:\/\/www.mantall.eu\/wp-content\/uploads\/2022\/11\/cmp14s_01.webp",600,800,false],"woocommerce_gallery_thumbnail":["https:\/\/www.mantall.eu\/wp-content\/uploads\/2022\/11\/cmp14s_01-100x100.webp",100,100,true]},"uagb_author_info":{"display_name":"mantall","author_link":"https:\/\/www.mantall.eu\/fr\/author\/"},"uagb_comment_info":0,"uagb_excerpt":"Mantall\u00ae CMP14-S aerial work platform has a maximum working height of 14 metres. With its high strength aluminium twin mast and heavy duty lifting chains, its robust steel chassis ensures safe lifting and lowering with a maximum load capacity of 200kg. The large platform is made of aluminium alloy, providing workers with plenty of space&hellip;","_links":{"self":[{"href":"https:\/\/www.mantall.eu\/fr\/wp-json\/wp\/v2\/product\/940","targetHints":{"allow":["GET"]}}],"collection":[{"href":"https:\/\/www.mantall.eu\/fr\/wp-json\/wp\/v2\/product"}],"about":[{"href":"https:\/\/www.mantall.eu\/fr\/wp-json\/wp\/v2\/types\/product"}],"wp:featuredmedia":[{"embeddable":true,"href":"https:\/\/www.mantall.eu\/fr\/wp-json\/wp\/v2\/media\/920"}],"wp:attachment":[{"href":"https:\/\/www.mantall.eu\/fr\/wp-json\/wp\/v2\/media?parent=940"}],"wp:term":[{"taxonomy":"product_brand","embeddable":true,"href":"https:\/\/www.mantall.eu\/fr\/wp-json\/wp\/v2\/product_brand?post=940"},{"taxonomy":"product_cat","embeddable":true,"href":"https:\/\/www.mantall.eu\/fr\/wp-json\/wp\/v2\/product_cat?post=940"},{"taxonomy":"product_tag","embeddable":true,"href":"https:\/\/www.mantall.eu\/fr\/wp-json\/wp\/v2\/product_tag?post=940"}],"curies":[{"name":"wp","href":"https:\/\/api.w.org\/{rel}","templated":true}]}}