{"id":938,"date":"2022-11-27T10:22:50","date_gmt":"2022-11-27T09:22:50","guid":{"rendered":"https:\/\/www.mantall.eu\/?post_type=product&#038;p=938"},"modified":"2022-12-22T22:52:04","modified_gmt":"2022-12-22T21:52:04","slug":"cmp10s-aerial-work-platform","status":"publish","type":"product","link":"https:\/\/www.mantall.eu\/fr\/aerial-lifts\/cmp10s-aerial-work-platform\/","title":{"rendered":"Plate-forme de travail a\u00e9rien CMP10-S"},"content":{"rendered":"<h2>Sp\u00e9cifications de la nacelle \u00e9l\u00e9vatrice CMP10-S<span style=\"vertical-align: middle; padding: 0 10px;\"><div class=\"_df_thumb\" id=\"df_930\"  _slug=\"cmp-s\" data-title=\"cmp-s\" wpoptions=\"true\" thumb=\"https:\/\/www.mantall.eu\/wp-content\/uploads\/2022\/11\/pdf.svg\" thumbtype=\"\" >cmp-s<\/div><script class=\"df-shortcode-script\" nowprocket type=\"application\/javascript\">window.option_df_930 = {\"outline\":[],\"autoEnableOutline\":\"false\",\"autoEnableThumbnail\":\"false\",\"overwritePDFOutline\":\"false\",\"direction\":\"1\",\"pageSize\":\"0\",\"source\":\"https:\\\/\\\/www.mantall.eu\\\/wp-content\\\/uploads\\\/2022\\\/11\\\/cmp-s_EN.pdf\",\"wpOptions\":\"true\"}; if(window.DFLIP && window.DFLIP.parseBooks){window.DFLIP.parseBooks();}<\/script><\/span><\/h2>\n<table class=\"specification\">\n<thead>\n<tr>\n<th>Sp\u00e9cifications<\/th>\n<th>Valeur<\/th>\n<\/tr>\n<\/thead>\n<tbody>\n<tr>\n<td>Hauteur de travail maximale<\/td>\n<td>10 m<\/td>\n<\/tr>\n<tr>\n<td>Capacit\u00e9 de levage<\/td>\n<td>272 kg<\/td>\n<\/tr>\n<tr>\n<td>Largeur totale<\/td>\n<td>0.8 m<\/td>\n<\/tr>\n<tr>\n<td>Longueur totale<\/td>\n<td>1.48 m<\/td>\n<\/tr>\n<tr>\n<td>Poids<\/td>\n<td>760 kg<\/td>\n<\/tr>\n<\/tbody>\n<\/table>","protected":false},"excerpt":{"rendered":"<p class=\"translation-block\">La nacelle \u00e9l\u00e9vatrice Mantall<span id=\"super\">\u00ae<\/span> CMP10-S a une hauteur de travail maximale de 10 m\u00e8tres. Gr\u00e2ce \u00e0 ses doubles m\u00e2ts en aluminium haute r\u00e9sistance et \u00e0 ses cha\u00eenes de levage robustes, la CMP10-S peut soulever en douceur deux travailleurs et leurs outils avec une capacit\u00e9 de charge maximale de 272 kg. Son ch\u00e2ssis en acier robuste garantit un levage en toute s\u00e9curit\u00e9, et la grande plate-forme offre aux travailleurs un espace suffisant pour r\u00e9aliser divers travaux a\u00e9riens. La nacelle \u00e9l\u00e9vatrice CMP10-S est \u00e9quip\u00e9e d'un syst\u00e8me de double commande. L'op\u00e9rateur peut se tenir debout sur la nacelle ou au sol pour commander la mont\u00e9e et la descente de la nacelle.<\/p>","protected":false},"featured_media":918,"template":"","meta":{"_acf_changed":false,"_uag_custom_page_level_css":"","site-sidebar-layout":"default","site-content-layout":"default","ast-site-content-layout":"default","site-content-style":"default","site-sidebar-style":"default","ast-global-header-display":"","ast-banner-title-visibility":"","ast-main-header-display":"","ast-hfb-above-header-display":"","ast-hfb-below-header-display":"","ast-hfb-mobile-header-display":"","site-post-title":"","ast-breadcrumbs-content":"","ast-featured-img":"","footer-sml-layout":"","ast-disable-related-posts":"","theme-transparent-header-meta":"default","adv-header-id-meta":"","stick-header-meta":"default","header-above-stick-meta":"","header-main-stick-meta":"","header-below-stick-meta":"","astra-migrate-meta-layouts":"default","ast-page-background-enabled":"default","ast-page-background-meta":{"desktop":{"background-color":"var(--ast-global-color-4)","background-image":"","background-repeat":"repeat","background-position":"center center","background-size":"auto","background-attachment":"scroll","background-type":"","background-media":"","overlay-type":"","overlay-color":"","overlay-opacity":"","overlay-gradient":""},"tablet":{"background-color":"","background-image":"","background-repeat":"repeat","background-position":"center center","background-size":"auto","background-attachment":"scroll","background-type":"","background-media":"","overlay-type":"","overlay-color":"","overlay-opacity":"","overlay-gradient":""},"mobile":{"background-color":"","background-image":"","background-repeat":"repeat","background-position":"center center","background-size":"auto","background-attachment":"scroll","background-type":"","background-media":"","overlay-type":"","overlay-color":"","overlay-opacity":"","overlay-gradient":""}},"ast-content-background-meta":{"desktop":{"background-color":"var(--ast-global-color-5)","background-image":"","background-repeat":"repeat","background-position":"center center","background-size":"auto","background-attachment":"scroll","background-type":"","background-media":"","overlay-type":"","overlay-color":"","overlay-opacity":"","overlay-gradient":""},"tablet":{"background-color":"var(--ast-global-color-5)","background-image":"","background-repeat":"repeat","background-position":"center center","background-size":"auto","background-attachment":"scroll","background-type":"","background-media":"","overlay-type":"","overlay-color":"","overlay-opacity":"","overlay-gradient":""},"mobile":{"background-color":"var(--ast-global-color-5)","background-image":"","background-repeat":"repeat","background-position":"center center","background-size":"auto","background-attachment":"scroll","background-type":"","background-media":"","overlay-type":"","overlay-color":"","overlay-opacity":"","overlay-gradient":""}}},"product_brand":[],"product_cat":[22],"product_tag":[],"class_list":{"0":"post-938","1":"product","2":"type-product","3":"status-publish","4":"has-post-thumbnail","6":"product_cat-vertical-mast-lifts","7":"desktop-align-left","8":"tablet-align-left","9":"mobile-align-left","10":"ast-product-gallery-layout-first-image-large","11":"ast-product-gallery-with-no-image","12":"ast-product-tabs-layout-horizontal","14":"first","15":"instock","16":"taxable","17":"shipping-taxable","18":"product-type-simple"},"acf":[],"spectra_custom_meta":{"rank_math_internal_links_processed":["1","1","1","1","1","1","1","1","1","1"],"total_sales":["0"],"_tax_status":["taxable"],"_tax_class":[""],"_manage_stock":["no"],"_backorders":["no"],"_sold_individually":["no"],"_virtual":["no"],"_downloadable":["no"],"_download_limit":["-1"],"_download_expiry":["-1"],"_stock":[null],"_stock_status":["instock"],"_wc_average_rating":["0"],"_wc_review_count":["0"],"_product_attributes":["a:5:{s:26:\"pa_vertical-working-height\";a:6:{s:4:\"name\";s:26:\"pa_vertical-working-height\";s:5:\"value\";s:0:\"\";s:8:\"position\";i:0;s:10:\"is_visible\";i:1;s:12:\"is_variation\";i:0;s:11:\"is_taxonomy\";i:1;}s:20:\"pa_vertical-outreach\";a:6:{s:4:\"name\";s:20:\"pa_vertical-outreach\";s:5:\"value\";s:0:\"\";s:8:\"position\";i:1;s:10:\"is_visible\";i:1;s:12:\"is_variation\";i:0;s:11:\"is_taxonomy\";i:1;}s:20:\"pa_vertical-capacity\";a:6:{s:4:\"name\";s:20:\"pa_vertical-capacity\";s:5:\"value\";s:0:\"\";s:8:\"position\";i:2;s:10:\"is_visible\";i:1;s:12:\"is_variation\";i:0;s:11:\"is_taxonomy\";i:1;}s:15:\"pa_power-source\";a:6:{s:4:\"name\";s:15:\"pa_power-source\";s:5:\"value\";s:0:\"\";s:8:\"position\";i:3;s:10:\"is_visible\";i:1;s:12:\"is_variation\";i:0;s:11:\"is_taxonomy\";i:1;}s:14:\"pa_mobile-mode\";a:6:{s:4:\"name\";s:14:\"pa_mobile-mode\";s:5:\"value\";s:0:\"\";s:8:\"position\";i:4;s:10:\"is_visible\";i:1;s:12:\"is_variation\";i:0;s:11:\"is_taxonomy\";i:1;}}"],"_product_version":["7.2.2"],"_uabb_version":["1.35.2"],"rank_math_seo_score":["78"],"rank_math_contentai_score":["a:4:{s:9:\"wordCount\";s:3:\"100\";s:9:\"linkCount\";s:1:\"0\";s:12:\"headingCount\";s:3:\"100\";s:10:\"mediaCount\";s:5:\"62.22\";}"],"brief_description":["<table class=\"specification\">\r\n<tbody>\r\n<tr>\r\n<td>Max Working Height<\/td>\r\n<td>10 m<\/td>\r\n<\/tr>\r\n<tr>\r\n<td>Lifting Capacity<\/td>\r\n<td>272 kg<\/td>\r\n<\/tr>\r\n<tr>\r\n<td>Overall Width<\/td>\r\n<td>0.8 m<\/td>\r\n<\/tr>\r\n<tr>\r\n<td>Overall Length<\/td>\r\n<td>1.48 m<\/td>\r\n<\/tr>\r\n<\/tbody>\r\n<\/table>"],"_brief_description":["field_637c0851009a8"],"standard_features":["<h2>Standard Features<\/h2>\r\n<ul>\r\n \t<li>Aluminum Platform Basket<\/li>\r\n \t<li>Polyurethane Non-mark tires<\/li>\r\n \t<li>Forklift Pockets<\/li>\r\n \t<li>Foldable Inclined Ladder<\/li>\r\n \t<li>Two controls: Platform Control and Ground Control<\/li>\r\n \t<li>Lower Beeper warning<\/li>\r\n \t<li>Rotation Platform (CMP18 only)<\/li>\r\n \t<li>Emergency Lower Down<\/li>\r\n \t<li>Outrigger Storage Frame<\/li>\r\n \t<li>Maintenance-free battery<\/li>\r\n<\/ul>"],"_standard_features":["field_6373e9bbd18e2"],"downloads":["<h2>Downloads<\/h2>\r\n<div class=\"productDownloads\"><a href=\"\/wp-content\/uploads\/2022\/11\/cmp-s_EN.pdf\" target=\"_blank\" rel=\"noopener noreferrer\"><span id=\"dw-icon\"><i class=\"fas fa-download\"><\/i><\/span>CMP-S series - Product Specifications - 2022 - EN<\/a>\r\n<a href=\"\/wp-content\/uploads\/2022\/11\/cmp-s_ES.pdf\" target=\"_blank\" rel=\"noopener noreferrer\"><span id=\"dw-icon\"><i class=\"fas fa-download\"><\/i><\/span>CMP-S series - Product Specifications - 2022 - ES<\/a><\/div>"],"options":["<h2>Options<\/h2>\r\n<ul>\r\n \t<li>Door Type wide Platform<\/li>\r\n \t<li>Narrow\/Rough Ground Chassis<\/li>\r\n \t<li>Wide Chassis<\/li>\r\n \t<li>DC Power<\/li>\r\n \t<li>Tool Box<\/li>\r\n \t<li>Platform Positioning Laser light<\/li>\r\n \t<li>Fluorescent Tubes Box<\/li>\r\n \t<li>Working Flashing Beacon<\/li>\r\n \t<li>Top Limit Protection Auto-stop device<\/li>\r\n \t<li>Auxiliary drive wheel<\/li>\r\n \t<li>Equipment Protection cover<\/li>\r\n<\/ul>"],"_options":["field_6373ebdfd18e4"],"rank_math_primary_product_cat":["22"],"site-sidebar-layout":["default"],"site-content-layout":["default"],"theme-transparent-header-meta":["default"],"stick-header-meta":["default"],"rank_math_focus_keyword":["Aerial Work Platform"],"_edit_lock":["1671746516:2"],"_edit_last":["2"],"_downloads":["field_6373eb91d18e3"],"_thumbnail_id":["918"],"video":["<iframe src=\"https:\/\/www.youtube.com\/embed\/oh_EtqckzxA\" width=\"320\" height=\"180\">\r\n<\/iframe>"],"_video":["field_63927274ced01"],"cmplz_hide_cookiebanner":[""],"_trp_translated_slug_es_ES":["elevadora-de-mastil-vertical-cmp10s"],"rank_math_description":["CMP10-S Aerial Work Platform has a maximum working height 10m. With its double masts and heavy-duty chains, CMP10-S has load capacity 272kg. "],"rank_math_title":["CMP10-S Aerial Work Platform | Aerial lifts - Mantall"],"_trp_automatically_translated_slug_de_DE":["cmp10s-luftarbeitsbuhne"],"_trp_automatically_translated_slug_fr_FR":["cmp10s-aerial-work-platform"],"_trp_automatically_translated_slug_it_IT":["cmp10s-lavoro-aereo-piattaforma"],"_trp_automatically_translated_slug_pl_PL":["cmp10s-aerial-work-platform"],"_trp_automatically_translated_slug_nl_NL":["cmp10s-aeriaal-werkplatform"],"_trp_automatically_translated_slug_pt_PT":["cmp10s-plataforma-de-trabalho-aereo"],"rank_math_analytic_object_id":["42"],"astra_style_timestamp_css":["1742214180"],"_uag_page_assets":["a:9:{s:3:\"css\";s:0:\"\";s:2:\"js\";s:0:\"\";s:18:\"current_block_list\";a:9:{i:0;s:11:\"core\/search\";i:1;s:10:\"core\/group\";i:2;s:12:\"core\/heading\";i:3;s:17:\"core\/latest-posts\";i:4;s:20:\"core\/latest-comments\";i:5;s:13:\"core\/archives\";i:7;s:15:\"core\/categories\";i:8;s:36:\"contact-form-7\/contact-form-selector\";i:9;s:14:\"core\/shortcode\";}s:8:\"uag_flag\";b:0;s:11:\"uag_version\";i:1774342923;s:6:\"gfonts\";a:0:{}s:10:\"gfonts_url\";s:0:\"\";s:12:\"gfonts_files\";a:0:{}s:14:\"uag_faq_layout\";b:0;}"]},"uagb_featured_image_src":{"full":["https:\/\/www.mantall.eu\/wp-content\/uploads\/2022\/11\/cmp10s_01.webp",800,800,false],"thumbnail":["https:\/\/www.mantall.eu\/wp-content\/uploads\/2022\/11\/cmp10s_01-150x150.webp",150,150,true],"medium":["https:\/\/www.mantall.eu\/wp-content\/uploads\/2022\/11\/cmp10s_01-300x300.webp",300,300,true],"medium_large":["https:\/\/www.mantall.eu\/wp-content\/uploads\/2022\/11\/cmp10s_01-768x768.webp",768,768,true],"large":["https:\/\/www.mantall.eu\/wp-content\/uploads\/2022\/11\/cmp10s_01.webp",800,800,false],"1536x1536":["https:\/\/www.mantall.eu\/wp-content\/uploads\/2022\/11\/cmp10s_01.webp",800,800,false],"2048x2048":["https:\/\/www.mantall.eu\/wp-content\/uploads\/2022\/11\/cmp10s_01.webp",800,800,false],"trp-custom-language-flag":["https:\/\/www.mantall.eu\/wp-content\/uploads\/2022\/11\/cmp10s_01-12x12.webp",12,12,true],"woocommerce_thumbnail":["https:\/\/www.mantall.eu\/wp-content\/uploads\/2022\/11\/cmp10s_01-300x300.webp",300,300,true],"woocommerce_single":["https:\/\/www.mantall.eu\/wp-content\/uploads\/2022\/11\/cmp10s_01.webp",800,800,false],"woocommerce_gallery_thumbnail":["https:\/\/www.mantall.eu\/wp-content\/uploads\/2022\/11\/cmp10s_01-100x100.webp",100,100,true]},"uagb_author_info":{"display_name":"mantall","author_link":"https:\/\/www.mantall.eu\/fr\/author\/"},"uagb_comment_info":0,"uagb_excerpt":"Mantall\u00ae CMP10-S aerial work platform has a maximum working height of 10 meters. With its high-strength aluminum double masts and heavy-duty lifting chains, CMP10-S can smoothly lift two workers and their tools with a maximum load capacity of 272kg. Its sturdy steel chassis ensures safe lifting, and the large platform provides workers with ample space&hellip;","_links":{"self":[{"href":"https:\/\/www.mantall.eu\/fr\/wp-json\/wp\/v2\/product\/938","targetHints":{"allow":["GET"]}}],"collection":[{"href":"https:\/\/www.mantall.eu\/fr\/wp-json\/wp\/v2\/product"}],"about":[{"href":"https:\/\/www.mantall.eu\/fr\/wp-json\/wp\/v2\/types\/product"}],"wp:featuredmedia":[{"embeddable":true,"href":"https:\/\/www.mantall.eu\/fr\/wp-json\/wp\/v2\/media\/918"}],"wp:attachment":[{"href":"https:\/\/www.mantall.eu\/fr\/wp-json\/wp\/v2\/media?parent=938"}],"wp:term":[{"taxonomy":"product_brand","embeddable":true,"href":"https:\/\/www.mantall.eu\/fr\/wp-json\/wp\/v2\/product_brand?post=938"},{"taxonomy":"product_cat","embeddable":true,"href":"https:\/\/www.mantall.eu\/fr\/wp-json\/wp\/v2\/product_cat?post=938"},{"taxonomy":"product_tag","embeddable":true,"href":"https:\/\/www.mantall.eu\/fr\/wp-json\/wp\/v2\/product_tag?post=938"}],"curies":[{"name":"wp","href":"https:\/\/api.w.org\/{rel}","templated":true}]}}