{"id":878,"date":"2022-11-26T12:25:28","date_gmt":"2022-11-26T11:25:28","guid":{"rendered":"https:\/\/www.mantall.eu\/?post_type=product&#038;p=878"},"modified":"2025-11-02T19:29:23","modified_gmt":"2025-11-02T18:29:23","slug":"plataforma-de-tijera-todo-terreno-xd100rt","status":"publish","type":"product","link":"https:\/\/www.mantall.eu\/es\/aerial-lifts\/xd100rt-rough-terrain-scissor-lift\/","title":{"rendered":"Plataforma de tijera todo terreno XD100RT"},"content":{"rendered":"<h2>Especificaciones de la plataforma de tijera todo terreno XD100RT<span style=\"vertical-align: middle; padding: 0 10px;\"><div class=\"_df_thumb\" id=\"df_874\"  _slug=\"xd\" data-title=\"xd\" wpoptions=\"true\" thumb=\"https:\/\/www.mantall.eu\/wp-content\/uploads\/2022\/11\/pdf.svg\" thumbtype=\"\" >xd<\/div><script class=\"df-shortcode-script\" nowprocket type=\"application\/javascript\">window.option_df_874 = {\"outline\":[],\"autoEnableOutline\":\"false\",\"autoEnableThumbnail\":\"false\",\"overwritePDFOutline\":\"false\",\"direction\":\"1\",\"pageSize\":\"0\",\"source\":\"https:\\\/\\\/www.mantall.eu\\\/wp-content\\\/uploads\\\/2022\\\/11\\\/xd_EN.pdf\",\"wpOptions\":\"true\"}; if(window.DFLIP && window.DFLIP.parseBooks){window.DFLIP.parseBooks();}<\/script><\/span><\/h2>\n<table class=\"specification\">\n<thead>\n<tr>\n<th>Especificaci\u00f3n<\/th>\n<th>Valor<\/th>\n<\/tr>\n<\/thead>\n<tbody>\n<tr>\n<td>Altura m\u00e1x. de trabajo<\/td>\n<td>10 m<\/td>\n<\/tr>\n<tr>\n<td>Capacidad de elevaci\u00f3n<\/td>\n<td>567 kg<\/td>\n<\/tr>\n<tr>\n<td>Anchura total<\/td>\n<td>1.76 m<\/td>\n<\/tr>\n<tr>\n<td>Longitud total - sin patas de apoyo<\/td>\n<td>2.67 m<\/td>\n<\/tr>\n<tr>\n<td>Longitud total - con patas de apoyo<\/td>\n<td>3.18 m<\/td>\n<\/tr>\n<tr>\n<td>Peso - sin patas de apoyo<\/td>\n<td>3660 kg<\/td>\n<\/tr>\n<tr>\n<td>Peso - con patas de apoyo<\/td>\n<td>4120 kg<\/td>\n<\/tr>\n<\/tbody>\n<\/table>","protected":false},"excerpt":{"rendered":"<p class=\"translation-block\">Plataforma de tijera todo terreno XD100RT tiene una altura m\u00e1xima de trabajo de 10 metros. Est\u00e1 equipada con un motor diesel, una plataforma de extensi\u00f3n de 4 metros de largo. XD100RT puede transportar de 2 a 4 trabajadores seg\u00fan los diferentes est\u00e1ndares de producto, con una carga m\u00e1xima de 567 kg. Con tracci\u00f3n a las cuatro ruedas y un 40% de inclinaci\u00f3n, la XD100RT permite a los trabajadores realizar una gran variedad de trabajos en terrenos dif\u00edciles. Plataforma de tijera todo terreno XD100RT cuenta con un joystick proporcional para un trabajo m\u00e1s eficiente.<\/p>","protected":false},"featured_media":866,"template":"","meta":{"_acf_changed":false,"_uag_custom_page_level_css":"","site-sidebar-layout":"default","site-content-layout":"default","ast-site-content-layout":"default","site-content-style":"default","site-sidebar-style":"default","ast-global-header-display":"","ast-banner-title-visibility":"","ast-main-header-display":"","ast-hfb-above-header-display":"","ast-hfb-below-header-display":"","ast-hfb-mobile-header-display":"","site-post-title":"","ast-breadcrumbs-content":"","ast-featured-img":"","footer-sml-layout":"","ast-disable-related-posts":"","theme-transparent-header-meta":"default","adv-header-id-meta":"","stick-header-meta":"default","header-above-stick-meta":"","header-main-stick-meta":"","header-below-stick-meta":"","astra-migrate-meta-layouts":"set","ast-page-background-enabled":"default","ast-page-background-meta":{"desktop":{"background-color":"var(--ast-global-color-4)","background-image":"","background-repeat":"repeat","background-position":"center center","background-size":"auto","background-attachment":"scroll","background-type":"","background-media":"","overlay-type":"","overlay-color":"","overlay-opacity":"","overlay-gradient":""},"tablet":{"background-color":"","background-image":"","background-repeat":"repeat","background-position":"center center","background-size":"auto","background-attachment":"scroll","background-type":"","background-media":"","overlay-type":"","overlay-color":"","overlay-opacity":"","overlay-gradient":""},"mobile":{"background-color":"","background-image":"","background-repeat":"repeat","background-position":"center center","background-size":"auto","background-attachment":"scroll","background-type":"","background-media":"","overlay-type":"","overlay-color":"","overlay-opacity":"","overlay-gradient":""}},"ast-content-background-meta":{"desktop":{"background-color":"var(--ast-global-color-5)","background-image":"","background-repeat":"repeat","background-position":"center center","background-size":"auto","background-attachment":"scroll","background-type":"","background-media":"","overlay-type":"","overlay-color":"","overlay-opacity":"","overlay-gradient":""},"tablet":{"background-color":"var(--ast-global-color-5)","background-image":"","background-repeat":"repeat","background-position":"center center","background-size":"auto","background-attachment":"scroll","background-type":"","background-media":"","overlay-type":"","overlay-color":"","overlay-opacity":"","overlay-gradient":""},"mobile":{"background-color":"var(--ast-global-color-5)","background-image":"","background-repeat":"repeat","background-position":"center center","background-size":"auto","background-attachment":"scroll","background-type":"","background-media":"","overlay-type":"","overlay-color":"","overlay-opacity":"","overlay-gradient":""}}},"product_brand":[],"product_cat":[23],"product_tag":[],"class_list":{"0":"post-878","1":"product","2":"type-product","3":"status-publish","4":"has-post-thumbnail","6":"product_cat-scissor-lifts","7":"desktop-align-left","8":"tablet-align-left","9":"mobile-align-left","10":"ast-product-gallery-layout-first-image-large","11":"ast-product-tabs-layout-horizontal","13":"first","14":"instock","15":"taxable","16":"shipping-taxable","17":"product-type-simple"},"acf":[],"spectra_custom_meta":{"_uabb_version":["1.35.2"],"_edit_lock":["1762086165:1"],"_edit_last":["1"],"rank_math_internal_links_processed":["1"],"rank_math_seo_score":["82"],"rank_math_contentai_score":["a:4:{s:9:\"wordCount\";s:3:\"100\";s:9:\"linkCount\";s:1:\"0\";s:12:\"headingCount\";s:3:\"100\";s:10:\"mediaCount\";s:5:\"62.22\";}"],"total_sales":["0"],"_tax_status":["taxable"],"_tax_class":[""],"_manage_stock":["no"],"_backorders":["no"],"_sold_individually":["no"],"_virtual":["no"],"_downloadable":["no"],"_download_limit":["-1"],"_download_expiry":["-1"],"_stock":[null],"_stock_status":["instock"],"_wc_average_rating":["0"],"_wc_review_count":["0"],"_product_version":["10.3.4"],"brief_description":["&nbsp;\r\n<table class=\"specification\">\r\n<tbody>\r\n<tr>\r\n<td>Max Working Height<\/td>\r\n<td>10 m<\/td>\r\n<\/tr>\r\n<tr>\r\n<td>Lifting Capacity<\/td>\r\n<td>567 kg<\/td>\r\n<\/tr>\r\n<tr>\r\n<td>Overall Width<\/td>\r\n<td>1.76 m<\/td>\r\n<\/tr>\r\n<tr>\r\n<td>Overall Length - without support legs<\/td>\r\n<td>2.67 m<\/td>\r\n<\/tr>\r\n<tr>\r\n<td>Overall Length - with support legs<\/td>\r\n<td>3.18 m<\/td>\r\n<\/tr>\r\n<\/tbody>\r\n<\/table>"],"_brief_description":["field_637c0851009a8"],"standard_features":["<h2>Standard Features<\/h2>\r\n<ul>\r\n \t<li>Foldable guardrail<\/li>\r\n \t<li>Diagnostic system<\/li>\r\n \t<li>AC wiring to platform<\/li>\r\n \t<li>4 wheel drive<\/li>\r\n \t<li>Tilt level sensor with an audible alarm<\/li>\r\n \t<li>Lowering alarm<\/li>\r\n \t<li>Horn<\/li>\r\n \t<li>Hour meter<\/li>\r\n \t<li>Emergency pump<\/li>\r\n \t<li>Proportional controls<\/li>\r\n \t<li>Solid rough tire<\/li>\r\n \t<li>Safety brackets<\/li>\r\n \t<li>Dual flashing beacon<\/li>\r\n<\/ul>"],"_standard_features":["field_6373e9bbd18e2"],"downloads":["<h2>Downloads<\/h2>\r\n<div class=\"productDownloads\"><a href=\"\/wp-content\/uploads\/2022\/11\/xd_EN.pdf\" target=\"_blank\" rel=\"noopener noreferrer\"><span id=\"dw-icon\"><i class=\"fas fa-download\"><\/i><\/span>XD series - Product Specifications - 2022 - EN<\/a>\r\n<a href=\"\/wp-content\/uploads\/2022\/11\/xd_ES.pdf\" target=\"_blank\" rel=\"noopener noreferrer\"><span id=\"dw-icon\"><i class=\"fas fa-download\"><\/i><\/span>XD series - Product Specifications - 2022 - ES<\/a><\/div>"],"_downloads":["field_6373eb91d18e3"],"options":["<h2>Options<\/h2>\r\n<ul>\r\n \t<li>Automatic leveling hydraulic outriggers<\/li>\r\n \t<li>Airline to platform<\/li>\r\n \t<li>Motor cold starting components<\/li>\r\n \t<li>Overload sensor<\/li>\r\n \t<li>Moveable alarm components<\/li>\r\n \t<li>Non-mark rough tires<\/li>\r\n<\/ul>"],"_options":["field_6373ebdfd18e4"],"rank_math_primary_product_cat":["23"],"site-sidebar-layout":["default"],"site-content-layout":["default"],"theme-transparent-header-meta":["default"],"stick-header-meta":["default"],"_product_attributes":["a:6:{s:25:\"pa_scissor-working-height\";a:6:{s:4:\"name\";s:25:\"pa_scissor-working-height\";s:5:\"value\";s:0:\"\";s:8:\"position\";i:0;s:10:\"is_visible\";i:1;s:12:\"is_variation\";i:0;s:11:\"is_taxonomy\";i:1;}s:19:\"pa_scissor-capacity\";a:6:{s:4:\"name\";s:19:\"pa_scissor-capacity\";s:5:\"value\";s:0:\"\";s:8:\"position\";i:1;s:10:\"is_visible\";i:1;s:12:\"is_variation\";i:0;s:11:\"is_taxonomy\";i:1;}s:15:\"pa_power-source\";a:6:{s:4:\"name\";s:15:\"pa_power-source\";s:5:\"value\";s:0:\"\";s:8:\"position\";i:2;s:10:\"is_visible\";i:1;s:12:\"is_variation\";i:0;s:11:\"is_taxonomy\";i:1;}s:14:\"pa_mobile-mode\";a:6:{s:4:\"name\";s:14:\"pa_mobile-mode\";s:5:\"value\";s:0:\"\";s:8:\"position\";i:3;s:10:\"is_visible\";i:1;s:12:\"is_variation\";i:0;s:11:\"is_taxonomy\";i:1;}s:15:\"pa_scissor-base\";a:6:{s:4:\"name\";s:15:\"pa_scissor-base\";s:5:\"value\";s:0:\"\";s:8:\"position\";i:4;s:10:\"is_visible\";i:1;s:12:\"is_variation\";i:0;s:11:\"is_taxonomy\";i:1;}s:16:\"pa_scissor-width\";a:6:{s:4:\"name\";s:16:\"pa_scissor-width\";s:5:\"value\";s:0:\"\";s:8:\"position\";i:5;s:10:\"is_visible\";i:1;s:12:\"is_variation\";i:0;s:11:\"is_taxonomy\";i:1;}}"],"rank_math_focus_keyword":["Rough Terrain Scissor Lift"],"_thumbnail_id":["866"],"_product_image_gallery":["867"],"_wp_old_slug":["xd100rt-scissor-lift"],"video":[""],"_video":["field_63927274ced01"],"cmplz_hide_cookiebanner":[""],"rank_math_description":["XD100RT Rough Terrain Scissor Lift has a max working height of 10 meters. It is equipped with a diesel engine, an extended platform with a max load of 567 kg."],"rank_math_title":["XD100RT Rough Terrain Scissor Lift | Aerial Lifts - Mantall"],"_trp_translated_slug_es_ES":["plataforma-de-tijera-todo-terreno-xd100rt"],"_trp_automatically_translated_slug_de_DE":["xd100rt-gelandetaugliche-scherenhebebuhne"],"_trp_automatically_translated_slug_fr_FR":["xd100rt-rough-terrain-scissor-lift"],"_trp_automatically_translated_slug_it_IT":["xd100rt-treno-ruvido-sollevatore-a-forbice"],"_trp_automatically_translated_slug_pl_PL":["xd100rt-rough-terrain-scissor-lift"],"_trp_automatically_translated_slug_nl_NL":["xd100rt-ruw-terrein-schaarlift"],"_trp_automatically_translated_slug_pt_PT":["xd100rt-fora-de-terreno-elevador-de-tesoura"],"rank_math_analytic_object_id":["52"],"astra_style_timestamp_css":["1742120488"],"rank_math_primary_product_brand":["0"],"ast-site-content-layout":["default"],"site-content-style":["default"],"site-sidebar-style":["default"],"astra-migrate-meta-layouts":["set"],"_uag_page_assets":["a:9:{s:3:\"css\";s:0:\"\";s:2:\"js\";s:0:\"\";s:18:\"current_block_list\";a:9:{i:0;s:11:\"core\/search\";i:1;s:10:\"core\/group\";i:2;s:12:\"core\/heading\";i:3;s:17:\"core\/latest-posts\";i:4;s:20:\"core\/latest-comments\";i:5;s:13:\"core\/archives\";i:7;s:15:\"core\/categories\";i:8;s:36:\"contact-form-7\/contact-form-selector\";i:9;s:14:\"core\/shortcode\";}s:8:\"uag_flag\";b:0;s:11:\"uag_version\";i:1774342923;s:6:\"gfonts\";a:0:{}s:10:\"gfonts_url\";s:0:\"\";s:12:\"gfonts_files\";a:0:{}s:14:\"uag_faq_layout\";b:0;}"]},"uagb_featured_image_src":{"full":["https:\/\/www.mantall.eu\/wp-content\/uploads\/2022\/11\/xd100rt_01.webp",600,800,false],"thumbnail":["https:\/\/www.mantall.eu\/wp-content\/uploads\/2022\/11\/xd100rt_01-150x150.webp",150,150,true],"medium":["https:\/\/www.mantall.eu\/wp-content\/uploads\/2022\/11\/xd100rt_01-225x300.webp",225,300,true],"medium_large":["https:\/\/www.mantall.eu\/wp-content\/uploads\/2022\/11\/xd100rt_01.webp",600,800,false],"large":["https:\/\/www.mantall.eu\/wp-content\/uploads\/2022\/11\/xd100rt_01.webp",600,800,false],"1536x1536":["https:\/\/www.mantall.eu\/wp-content\/uploads\/2022\/11\/xd100rt_01.webp",600,800,false],"2048x2048":["https:\/\/www.mantall.eu\/wp-content\/uploads\/2022\/11\/xd100rt_01.webp",600,800,false],"trp-custom-language-flag":["https:\/\/www.mantall.eu\/wp-content\/uploads\/2022\/11\/xd100rt_01-9x12.webp",9,12,true],"woocommerce_thumbnail":["https:\/\/www.mantall.eu\/wp-content\/uploads\/2022\/11\/xd100rt_01-300x400.webp",300,400,true],"woocommerce_single":["https:\/\/www.mantall.eu\/wp-content\/uploads\/2022\/11\/xd100rt_01.webp",600,800,false],"woocommerce_gallery_thumbnail":["https:\/\/www.mantall.eu\/wp-content\/uploads\/2022\/11\/xd100rt_01-100x100.webp",100,100,true]},"uagb_author_info":{"display_name":"mantall","author_link":"https:\/\/www.mantall.eu\/es\/author\/"},"uagb_comment_info":0,"uagb_excerpt":"Mantall\u00ae XD100RT Rough Terrain Scissor Lift has a maximum working height of 10 meters. It is equipped with a diesel engine, a 4-meter-long extension platform. XD100RT can carry 2 to 4 workers according to different product standards, with a maximum load of 567 kg. With four-wheel drive and 40 percent gradeability, XD100RT enables workers to&hellip;","_links":{"self":[{"href":"https:\/\/www.mantall.eu\/es\/wp-json\/wp\/v2\/product\/878","targetHints":{"allow":["GET"]}}],"collection":[{"href":"https:\/\/www.mantall.eu\/es\/wp-json\/wp\/v2\/product"}],"about":[{"href":"https:\/\/www.mantall.eu\/es\/wp-json\/wp\/v2\/types\/product"}],"wp:featuredmedia":[{"embeddable":true,"href":"https:\/\/www.mantall.eu\/es\/wp-json\/wp\/v2\/media\/866"}],"wp:attachment":[{"href":"https:\/\/www.mantall.eu\/es\/wp-json\/wp\/v2\/media?parent=878"}],"wp:term":[{"taxonomy":"product_brand","embeddable":true,"href":"https:\/\/www.mantall.eu\/es\/wp-json\/wp\/v2\/product_brand?post=878"},{"taxonomy":"product_cat","embeddable":true,"href":"https:\/\/www.mantall.eu\/es\/wp-json\/wp\/v2\/product_cat?post=878"},{"taxonomy":"product_tag","embeddable":true,"href":"https:\/\/www.mantall.eu\/es\/wp-json\/wp\/v2\/product_tag?post=878"}],"curies":[{"name":"wp","href":"https:\/\/api.w.org\/{rel}","templated":true}]}}