{"id":2037,"date":"2025-11-02T21:17:57","date_gmt":"2025-11-02T20:17:57","guid":{"rendered":"https:\/\/www.mantall.eu\/?post_type=product&#038;p=2037"},"modified":"2025-11-02T22:01:58","modified_gmt":"2025-11-02T21:01:58","slug":"plataforma-telescopica-ht220je","status":"publish","type":"product","link":"https:\/\/www.mantall.eu\/es\/aerial-lifts\/ht220je-telescopic-boom-lift\/","title":{"rendered":"Plataforma telesc\u00f3pica HT220JE"},"content":{"rendered":"<h2>Especificaciones de la plataforma telesc\u00f3pica HT220JE<span style=\"vertical-align: middle; padding: 0 10px;\"><div class=\"_df_thumb\" id=\"df_1109\"  _slug=\"ht200-215j\" data-title=\"ht200-215j\" wpoptions=\"true\" thumb=\"https:\/\/www.mantall.eu\/wp-content\/uploads\/2022\/11\/pdf.svg\" thumbtype=\"\" >ht200-215j<\/div><script class=\"df-shortcode-script\" nowprocket type=\"application\/javascript\">window.option_df_1109 = {\"outline\":[],\"autoEnableOutline\":\"false\",\"autoEnableThumbnail\":\"false\",\"overwritePDFOutline\":\"false\",\"direction\":\"1\",\"pageSize\":\"0\",\"source\":\"https:\\\/\\\/www.mantall.eu\\\/wp-content\\\/uploads\\\/2022\\\/11\\\/ht200-215j_EN.pdf\",\"wpOptions\":\"true\"}; if(window.DFLIP && window.DFLIP.parseBooks){window.DFLIP.parseBooks();}<\/script><\/span><\/h2>\n<table class=\"specification\">\n<thead>\n<tr>\n<th>Especificaci\u00f3n<\/th>\n<th>Valor<\/th>\n<\/tr>\n<\/thead>\n<tbody>\n<tr>\n<td>Altura m\u00e1x. de trabajo<\/td>\n<td>22 m<\/td>\n<\/tr>\n<tr>\n<td>Alcance m\u00e1x. horizontal<\/td>\n<td>14.65 m<\/td>\n<\/tr>\n<tr>\n<td>Capacidad m\u00e1xima de la plataforma (limitada\/ilimitada)<\/td>\n<td>300\/230 kg<\/td>\n<\/tr>\n<tr>\n<td>Anchura total<\/td>\n<td>2.5 m<\/td>\n<\/tr>\n<tr>\n<td>Longitud total<\/td>\n<td>11.1 m<\/td>\n<\/tr>\n<tr>\n<td>Peso total<\/td>\n<td>11500 kg<\/td>\n<\/tr>\n<\/tbody>\n<\/table>","protected":false},"excerpt":{"rendered":"<p>Mantall<span id=\"super\">\u00ae<\/span> El elevador telesc\u00f3pico de pluma HT220JE tiene una altura de trabajo de hasta 22 m y un alcance m\u00e1ximo de trabajo horizontal de 14,65 m, y est\u00e1 equipado con una gran plataforma que puede acomodar a tres trabajadores y herramientas. HT220JE est\u00e1 equipado con un plum\u00edn y una plataforma giratoria de 180 grados, que proporciona una mejor flexibilidad para diversas aplicaciones de campo. La plataforma telesc\u00f3pica HT220JE es impulsada por bater\u00edas con cero emisiones, y tambi\u00e9n tiene un modo de operaci\u00f3n de velocidad variable, que puede adaptarse a diversas condiciones de trabajo.<\/p>","protected":false},"featured_media":2041,"template":"","meta":{"_acf_changed":false,"_uag_custom_page_level_css":"","site-sidebar-layout":"default","site-content-layout":"default","ast-site-content-layout":"default","site-content-style":"default","site-sidebar-style":"default","ast-global-header-display":"","ast-banner-title-visibility":"","ast-main-header-display":"","ast-hfb-above-header-display":"","ast-hfb-below-header-display":"","ast-hfb-mobile-header-display":"","site-post-title":"","ast-breadcrumbs-content":"","ast-featured-img":"","footer-sml-layout":"","ast-disable-related-posts":"","theme-transparent-header-meta":"default","adv-header-id-meta":"","stick-header-meta":"default","header-above-stick-meta":"","header-main-stick-meta":"","header-below-stick-meta":"","astra-migrate-meta-layouts":"set","ast-page-background-enabled":"default","ast-page-background-meta":{"desktop":{"background-color":"var(--ast-global-color-4)","background-image":"","background-repeat":"repeat","background-position":"center center","background-size":"auto","background-attachment":"scroll","background-type":"","background-media":"","overlay-type":"","overlay-color":"","overlay-opacity":"","overlay-gradient":""},"tablet":{"background-color":"","background-image":"","background-repeat":"repeat","background-position":"center center","background-size":"auto","background-attachment":"scroll","background-type":"","background-media":"","overlay-type":"","overlay-color":"","overlay-opacity":"","overlay-gradient":""},"mobile":{"background-color":"","background-image":"","background-repeat":"repeat","background-position":"center center","background-size":"auto","background-attachment":"scroll","background-type":"","background-media":"","overlay-type":"","overlay-color":"","overlay-opacity":"","overlay-gradient":""}},"ast-content-background-meta":{"desktop":{"background-color":"var(--ast-global-color-5)","background-image":"","background-repeat":"repeat","background-position":"center center","background-size":"auto","background-attachment":"scroll","background-type":"","background-media":"","overlay-type":"","overlay-color":"","overlay-opacity":"","overlay-gradient":""},"tablet":{"background-color":"var(--ast-global-color-5)","background-image":"","background-repeat":"repeat","background-position":"center center","background-size":"auto","background-attachment":"scroll","background-type":"","background-media":"","overlay-type":"","overlay-color":"","overlay-opacity":"","overlay-gradient":""},"mobile":{"background-color":"var(--ast-global-color-5)","background-image":"","background-repeat":"repeat","background-position":"center center","background-size":"auto","background-attachment":"scroll","background-type":"","background-media":"","overlay-type":"","overlay-color":"","overlay-opacity":"","overlay-gradient":""}}},"product_brand":[],"product_cat":[25],"product_tag":[],"class_list":{"0":"post-2037","1":"product","2":"type-product","3":"status-publish","4":"has-post-thumbnail","6":"product_cat-telescopic-boom-lifts","7":"desktop-align-left","8":"tablet-align-left","9":"mobile-align-left","10":"ast-product-gallery-layout-first-image-large","11":"ast-product-gallery-with-no-image","12":"ast-product-tabs-layout-horizontal","14":"first","15":"instock","16":"taxable","17":"shipping-taxable","18":"product-type-simple"},"acf":[],"spectra_custom_meta":{"rank_math_internal_links_processed":["1","1","1","1","1","1","1","1","1","1","1","1","1","1","1","1","1","1","1","1","1","1","1","1"],"total_sales":["0"],"_tax_status":["taxable"],"_tax_class":[""],"_manage_stock":["no"],"_backorders":["no"],"_sold_individually":["no"],"_virtual":["no"],"_downloadable":["no"],"_download_limit":["-1"],"_download_expiry":["-1"],"_thumbnail_id":["2041"],"_stock":[null],"_stock_status":["instock"],"_wc_average_rating":["0"],"_wc_review_count":["0"],"_product_attributes":["a:3:{s:28:\"pa_telescopic-working-height\";a:6:{s:4:\"name\";s:28:\"pa_telescopic-working-height\";s:5:\"value\";s:0:\"\";s:8:\"position\";i:5;s:10:\"is_visible\";i:1;s:12:\"is_variation\";i:0;s:11:\"is_taxonomy\";i:1;}s:22:\"pa_telescopic-outreach\";a:6:{s:4:\"name\";s:22:\"pa_telescopic-outreach\";s:5:\"value\";s:0:\"\";s:8:\"position\";i:6;s:10:\"is_visible\";i:1;s:12:\"is_variation\";i:0;s:11:\"is_taxonomy\";i:1;}s:22:\"pa_telescopic-capacity\";a:6:{s:4:\"name\";s:22:\"pa_telescopic-capacity\";s:5:\"value\";s:0:\"\";s:8:\"position\";i:7;s:10:\"is_visible\";i:1;s:12:\"is_variation\";i:0;s:11:\"is_taxonomy\";i:1;}}"],"_product_version":["10.3.4"],"_uabb_version":["1.35.2"],"rank_math_seo_score":["71"],"rank_math_contentai_score":["a:4:{s:9:\"wordCount\";s:3:\"100\";s:9:\"linkCount\";s:1:\"0\";s:12:\"headingCount\";s:3:\"100\";s:10:\"mediaCount\";s:5:\"62.22\";}"],"brief_description":["<table class=\"specification\">\r\n<tbody>\r\n<tr>\r\n<td>Max Working Height<\/td>\r\n<td>22 m<\/td>\r\n<\/tr>\r\n<tr>\r\n<td>Max Working Outreach<\/td>\r\n<td>14.65 m<\/td>\r\n<\/tr>\r\n<tr>\r\n<td>Maximum platform capacity (limited\/unlimited)<\/td>\r\n<td>300\/230 kg<\/td>\r\n<\/tr>\r\n<tr>\r\n<td>Overall Width<\/td>\r\n<td>2.5 m<\/td>\r\n<\/tr>\r\n<tr>\r\n<td>Overall Length<\/td>\r\n<td>11.1 m<\/td>\r\n<\/tr>\r\n<\/tbody>\r\n<\/table>"],"_brief_description":["field_637c0851009a8"],"standard_features":["<h2>Standard Features<\/h2>\r\n<ul>\r\n \t<li>Hydraulic leveling work platform<\/li>\r\n \t<li>180\u00b0 hydraulic rotating platform<\/li>\r\n \t<li>Rear detection and driving confirmation<\/li>\r\n \t<li>Three-handle progressive proportional control<\/li>\r\n \t<li>Horn and buzzer safety warnings<\/li>\r\n \t<li>Alarm light safety warnings<\/li>\r\n \t<li>Weighing system<\/li>\r\n \t<li>5-inch color screen<\/li>\r\n \t<li>Fault diagnosis system<\/li>\r\n \t<li>Emergency stop system<\/li>\r\n \t<li>Emergency descent system<\/li>\r\n \t<li>Maximum permissible working tilt angle of 5\u00b0<\/li>\r\n \t<li>Tilting protection system<\/li>\r\n \t<li>Four-wheel brakes<\/li>\r\n \t<li>Emergency brake release<\/li>\r\n \t<li>Four-wheel drive<\/li>\r\n \t<li>Foam tires<\/li>\r\n \t<li>Foot switch<\/li>\r\n<\/ul>"],"_standard_features":["field_6373e9bbd18e2"],"downloads":["<h2>Downloads<\/h2>\r\n<div class=\"productDownloads\"><a href=\"\/wp-content\/uploads\/2022\/11\/ht200-215j_EN.pdf\" target=\"_blank\" rel=\"noopener noreferrer\"><span id=\"dw-icon\"><i class=\"fas fa-download\"><\/i><\/span>HT220JE - Product Specifications - 2022 - EN<\/a>\r\n<a href=\"\/wp-content\/uploads\/2022\/11\/ht200-215j_ES.pdf\" target=\"_blank\" rel=\"noopener noreferrer\"><span id=\"dw-icon\"><i class=\"fas fa-download\"><\/i><\/span>HT220JE - Product Specifications - 2022 - ES<\/a><\/div>"],"options":["<h2>Options<\/h2>\r\n<ul>\r\n \t<li>Work platform revolving door<\/li>\r\n \t<li>Work platform spare railing<\/li>\r\n \t<li>Hydraulic oil cooler<\/li>\r\n \t<li>Hydraulic oil for extremely cold regions<\/li>\r\n \t<li>Pipelines for extremely cold regions<\/li>\r\n \t<li>AC power source<\/li>\r\n \t<li>GPS remote monitoring system<\/li>\r\n<\/ul>"],"_options":["field_6373ebdfd18e4"],"rank_math_primary_product_cat":["25"],"site-sidebar-layout":["default"],"site-content-layout":["default"],"theme-transparent-header-meta":["default"],"stick-header-meta":["default"],"rank_math_focus_keyword":["Telescopic Boom Lift"],"video":[""],"_video":["field_63927274ced01"],"cmplz_hide_cookiebanner":[""],"rank_math_title":["HT220JE Telescopic Boom Lift | Aerial Lifts - Mantall"],"rank_math_description":["HT220JE telescopic boom lift has a working height of up to 22m and a maximum horizontal working range of 14.65m, and is equipped with a large platform that can accommodate three workers."],"_trp_translated_slug_es_ES":["plataforma-telescopica-ht215j"],"_trp_automatically_translated_slug_de_DE":["ht215j-teleskop-ausleger-lift"],"_trp_automatically_translated_slug_fr_FR":["ht215j-telescopic-boom-lift"],"_trp_automatically_translated_slug_it_IT":["ht215j-sollevatore-telescopico-a-braccio"],"_trp_automatically_translated_slug_pl_PL":["ht215j-podnosnik-teleskopowy"],"_trp_automatically_translated_slug_nl_NL":["ht215j-telescopic-boom-lift"],"_trp_automatically_translated_slug_pt_PT":["ht215j-telescopic-boom-lift"],"rank_math_analytic_object_id":["15"],"astra_style_timestamp_css":["1742136783"],"rank_math_primary_product_brand":["0"],"ast-site-content-layout":["default"],"site-content-style":["default"],"site-sidebar-style":["default"],"_edit_lock":["1762117240:1"],"_edit_last":["1"],"_downloads":["field_6373eb91d18e3"],"astra-migrate-meta-layouts":["set"],"_uag_page_assets":["a:9:{s:3:\"css\";s:0:\"\";s:2:\"js\";s:0:\"\";s:18:\"current_block_list\";a:9:{i:0;s:11:\"core\/search\";i:1;s:10:\"core\/group\";i:2;s:12:\"core\/heading\";i:3;s:17:\"core\/latest-posts\";i:4;s:20:\"core\/latest-comments\";i:5;s:13:\"core\/archives\";i:7;s:15:\"core\/categories\";i:8;s:36:\"contact-form-7\/contact-form-selector\";i:9;s:14:\"core\/shortcode\";}s:8:\"uag_flag\";b:0;s:11:\"uag_version\";i:1774342923;s:6:\"gfonts\";a:0:{}s:10:\"gfonts_url\";s:0:\"\";s:12:\"gfonts_files\";a:0:{}s:14:\"uag_faq_layout\";b:0;}"]},"uagb_featured_image_src":{"full":["https:\/\/www.mantall.eu\/wp-content\/uploads\/2025\/11\/ht220je.webp?ver=1762119134",1200,1201,false],"thumbnail":["https:\/\/www.mantall.eu\/wp-content\/uploads\/2025\/11\/ht220je-150x150.webp?ver=1762119134",150,150,true],"medium":["https:\/\/www.mantall.eu\/wp-content\/uploads\/2025\/11\/ht220je-300x300.webp?ver=1762119134",300,300,true],"medium_large":["https:\/\/www.mantall.eu\/wp-content\/uploads\/2025\/11\/ht220je-768x769.webp?ver=1762119134",768,769,true],"large":["https:\/\/www.mantall.eu\/wp-content\/uploads\/2025\/11\/ht220je-1024x1024.webp?ver=1762119134",1024,1024,true],"1536x1536":["https:\/\/www.mantall.eu\/wp-content\/uploads\/2025\/11\/ht220je.webp?ver=1762119134",1200,1201,false],"2048x2048":["https:\/\/www.mantall.eu\/wp-content\/uploads\/2025\/11\/ht220je.webp?ver=1762119134",1200,1201,false],"trp-custom-language-flag":["https:\/\/www.mantall.eu\/wp-content\/uploads\/2025\/11\/ht220je-12x12.webp?ver=1762119134",12,12,true],"woocommerce_thumbnail":["https:\/\/www.mantall.eu\/wp-content\/uploads\/2025\/11\/ht220je-300x300.webp?ver=1762119134",300,300,true],"woocommerce_single":["https:\/\/www.mantall.eu\/wp-content\/uploads\/2025\/11\/ht220je-800x801.webp?ver=1762119134",800,801,true],"woocommerce_gallery_thumbnail":["https:\/\/www.mantall.eu\/wp-content\/uploads\/2025\/11\/ht220je-100x100.webp?ver=1762119134",100,100,true]},"uagb_author_info":{"display_name":"mantall","author_link":"https:\/\/www.mantall.eu\/es\/author\/"},"uagb_comment_info":0,"uagb_excerpt":"Mantall\u00ae HT220JE telescopic boom lift has a working height of up to 22m and a maximum horizontal working range of 14.65m, and is equipped with a large platform that can accommodate three workers and tools. HT220JE is equipped with a jib and a 180-degree rotating platform, which provides better flexibility for various field applications. HT220JE&hellip;","_links":{"self":[{"href":"https:\/\/www.mantall.eu\/es\/wp-json\/wp\/v2\/product\/2037","targetHints":{"allow":["GET"]}}],"collection":[{"href":"https:\/\/www.mantall.eu\/es\/wp-json\/wp\/v2\/product"}],"about":[{"href":"https:\/\/www.mantall.eu\/es\/wp-json\/wp\/v2\/types\/product"}],"wp:featuredmedia":[{"embeddable":true,"href":"https:\/\/www.mantall.eu\/es\/wp-json\/wp\/v2\/media\/2041"}],"wp:attachment":[{"href":"https:\/\/www.mantall.eu\/es\/wp-json\/wp\/v2\/media?parent=2037"}],"wp:term":[{"taxonomy":"product_brand","embeddable":true,"href":"https:\/\/www.mantall.eu\/es\/wp-json\/wp\/v2\/product_brand?post=2037"},{"taxonomy":"product_cat","embeddable":true,"href":"https:\/\/www.mantall.eu\/es\/wp-json\/wp\/v2\/product_cat?post=2037"},{"taxonomy":"product_tag","embeddable":true,"href":"https:\/\/www.mantall.eu\/es\/wp-json\/wp\/v2\/product_tag?post=2037"}],"curies":[{"name":"wp","href":"https:\/\/api.w.org\/{rel}","templated":true}]}}