{"id":2012,"date":"2025-11-01T21:27:58","date_gmt":"2025-11-01T20:27:58","guid":{"rendered":"https:\/\/www.mantall.eu\/?post_type=product&#038;p=2012"},"modified":"2025-11-02T19:19:53","modified_gmt":"2025-11-02T18:19:53","slug":"xew150rt-elevador-de-tijera-todo-terreno","status":"publish","type":"product","link":"https:\/\/www.mantall.eu\/es\/aerial-lifts\/xew150rt-rough-terrain-scissor-lift\/","title":{"rendered":"XEW150RT Elevador de tijera todo terreno"},"content":{"rendered":"<h2>XEW150RT Elevador de tijera para terrenos dif\u00edciles Especificaciones<span style=\"vertical-align: middle; padding: 0 10px;\"><div class=\"_df_thumb\" id=\"df_2021\"  _slug=\"xew-rt\" data-title=\"xew-rt\" wpoptions=\"true\" thumb=\"https:\/\/www.mantall.eu\/wp-content\/uploads\/2022\/11\/pdf.svg\" thumbtype=\"\" >xew-rt<\/div><script class=\"df-shortcode-script\" nowprocket type=\"application\/javascript\">window.option_df_2021 = {\"outline\":[],\"autoEnableOutline\":\"false\",\"autoEnableThumbnail\":\"false\",\"overwritePDFOutline\":\"false\",\"direction\":\"1\",\"pageSize\":\"0\",\"source\":\"https:\\\/\\\/www.mantall.eu\\\/wp-content\\\/uploads\\\/2025\\\/11\\\/xew-rt_EN202304.pdf\",\"wpOptions\":\"true\"}; if(window.DFLIP && window.DFLIP.parseBooks){window.DFLIP.parseBooks();}<\/script><\/span><\/h2>\n<table class=\"specification\">\n<thead>\n<tr>\n<th>Especificaci\u00f3n<\/th>\n<th>Valor<\/th>\n<\/tr>\n<\/thead>\n<tbody>\n<tr>\n<td>Altura m\u00e1x. de trabajo<\/td>\n<td>15 m<\/td>\n<\/tr>\n<tr>\n<td>Capacidad de elevaci\u00f3n<\/td>\n<td>680 kg<\/td>\n<\/tr>\n<tr>\n<td>Anchura total<\/td>\n<td>2.3 m<\/td>\n<\/tr>\n<tr>\n<td>Longitud total con patas de apoyo<\/td>\n<td>4.88 m<\/td>\n<\/tr>\n<tr>\n<td>Peso - Norma CE\/GB<\/td>\n<td>8103 kg<\/td>\n<\/tr>\n<\/tbody>\n<\/table>","protected":false},"excerpt":{"rendered":"<p>Mantall<span id=\"super\">\u00ae<\/span> La elevadora de tijera todoterreno XEW150RT tiene una altura m\u00e1xima de trabajo de 15 metros. Est\u00e1 equipada con bater\u00edas de alimentaci\u00f3n, una plataforma de doble extensi\u00f3n de 6,3 metros de longitud. La XEW150RT puede transportar hasta 8 trabajadores con una carga m\u00e1xima de 680 kg. Con tracci\u00f3n a las cuatro ruedas y una inclinaci\u00f3n del 45%, permite a los trabajadores realizar una gran variedad de trabajos en terrenos dif\u00edciles. La plataforma elevadora de tijera para terrenos dif\u00edciles XEW150RT es capaz de descender al suelo de forma segura sin fuente de alimentaci\u00f3n.<\/p>","protected":false},"featured_media":2017,"template":"","meta":{"_acf_changed":false,"_uag_custom_page_level_css":"","site-sidebar-layout":"default","site-content-layout":"default","ast-site-content-layout":"default","site-content-style":"default","site-sidebar-style":"default","ast-global-header-display":"","ast-banner-title-visibility":"","ast-main-header-display":"","ast-hfb-above-header-display":"","ast-hfb-below-header-display":"","ast-hfb-mobile-header-display":"","site-post-title":"","ast-breadcrumbs-content":"","ast-featured-img":"","footer-sml-layout":"","ast-disable-related-posts":"","theme-transparent-header-meta":"default","adv-header-id-meta":"","stick-header-meta":"default","header-above-stick-meta":"","header-main-stick-meta":"","header-below-stick-meta":"","astra-migrate-meta-layouts":"set","ast-page-background-enabled":"default","ast-page-background-meta":{"desktop":{"background-color":"var(--ast-global-color-4)","background-image":"","background-repeat":"repeat","background-position":"center center","background-size":"auto","background-attachment":"scroll","background-type":"","background-media":"","overlay-type":"","overlay-color":"","overlay-opacity":"","overlay-gradient":""},"tablet":{"background-color":"","background-image":"","background-repeat":"repeat","background-position":"center center","background-size":"auto","background-attachment":"scroll","background-type":"","background-media":"","overlay-type":"","overlay-color":"","overlay-opacity":"","overlay-gradient":""},"mobile":{"background-color":"","background-image":"","background-repeat":"repeat","background-position":"center center","background-size":"auto","background-attachment":"scroll","background-type":"","background-media":"","overlay-type":"","overlay-color":"","overlay-opacity":"","overlay-gradient":""}},"ast-content-background-meta":{"desktop":{"background-color":"var(--ast-global-color-5)","background-image":"","background-repeat":"repeat","background-position":"center center","background-size":"auto","background-attachment":"scroll","background-type":"","background-media":"","overlay-type":"","overlay-color":"","overlay-opacity":"","overlay-gradient":""},"tablet":{"background-color":"var(--ast-global-color-5)","background-image":"","background-repeat":"repeat","background-position":"center center","background-size":"auto","background-attachment":"scroll","background-type":"","background-media":"","overlay-type":"","overlay-color":"","overlay-opacity":"","overlay-gradient":""},"mobile":{"background-color":"var(--ast-global-color-5)","background-image":"","background-repeat":"repeat","background-position":"center center","background-size":"auto","background-attachment":"scroll","background-type":"","background-media":"","overlay-type":"","overlay-color":"","overlay-opacity":"","overlay-gradient":""}}},"product_brand":[],"product_cat":[23],"product_tag":[],"class_list":{"0":"post-2012","1":"product","2":"type-product","3":"status-publish","4":"has-post-thumbnail","6":"product_cat-scissor-lifts","7":"desktop-align-left","8":"tablet-align-left","9":"mobile-align-left","10":"ast-product-gallery-layout-first-image-large","11":"ast-product-tabs-layout-horizontal","13":"first","14":"instock","15":"taxable","16":"shipping-taxable","17":"product-type-simple"},"acf":[],"spectra_custom_meta":{"rank_math_internal_links_processed":["1","1","1","1","1"],"total_sales":["0"],"_tax_status":["taxable"],"_tax_class":[""],"_manage_stock":["no"],"_backorders":["no"],"_sold_individually":["no"],"_virtual":["no"],"_downloadable":["no"],"_product_image_gallery":["2020,2018,2019"],"_download_limit":["-1"],"_download_expiry":["-1"],"_thumbnail_id":["2017"],"_stock":[null],"_stock_status":["instock"],"_wc_average_rating":["0"],"_wc_review_count":["0"],"_product_attributes":["a:6:{s:25:\"pa_scissor-working-height\";a:6:{s:4:\"name\";s:25:\"pa_scissor-working-height\";s:5:\"value\";s:0:\"\";s:8:\"position\";i:0;s:10:\"is_visible\";i:1;s:12:\"is_variation\";i:0;s:11:\"is_taxonomy\";i:1;}s:19:\"pa_scissor-capacity\";a:6:{s:4:\"name\";s:19:\"pa_scissor-capacity\";s:5:\"value\";s:0:\"\";s:8:\"position\";i:1;s:10:\"is_visible\";i:1;s:12:\"is_variation\";i:0;s:11:\"is_taxonomy\";i:1;}s:15:\"pa_power-source\";a:6:{s:4:\"name\";s:15:\"pa_power-source\";s:5:\"value\";s:0:\"\";s:8:\"position\";i:2;s:10:\"is_visible\";i:1;s:12:\"is_variation\";i:0;s:11:\"is_taxonomy\";i:1;}s:14:\"pa_mobile-mode\";a:6:{s:4:\"name\";s:14:\"pa_mobile-mode\";s:5:\"value\";s:0:\"\";s:8:\"position\";i:3;s:10:\"is_visible\";i:1;s:12:\"is_variation\";i:0;s:11:\"is_taxonomy\";i:1;}s:15:\"pa_scissor-base\";a:6:{s:4:\"name\";s:15:\"pa_scissor-base\";s:5:\"value\";s:0:\"\";s:8:\"position\";i:4;s:10:\"is_visible\";i:1;s:12:\"is_variation\";i:0;s:11:\"is_taxonomy\";i:1;}s:16:\"pa_scissor-width\";a:6:{s:4:\"name\";s:16:\"pa_scissor-width\";s:5:\"value\";s:0:\"\";s:8:\"position\";i:5;s:10:\"is_visible\";i:1;s:12:\"is_variation\";i:0;s:11:\"is_taxonomy\";i:1;}}"],"_product_version":["10.3.4"],"_uabb_version":["1.35.2"],"rank_math_seo_score":["77"],"rank_math_contentai_score":["a:4:{s:9:\"wordCount\";s:3:\"100\";s:9:\"linkCount\";s:1:\"0\";s:12:\"headingCount\";s:3:\"100\";s:10:\"mediaCount\";s:5:\"62.22\";}"],"brief_description":["<table class=\"specification\">\r\n<tbody>\r\n<tr>\r\n<td>Max Working Height<\/td>\r\n<td>15 m<\/td>\r\n<\/tr>\r\n<tr>\r\n<td>Lifting Capacity<\/td>\r\n<td>680 kg<\/td>\r\n<\/tr>\r\n<tr>\r\n<td>Overall Width<\/td>\r\n<td>2.3 m<\/td>\r\n<\/tr>\r\n<tr>\r\n<td>Overall Length with support legs<\/td>\r\n<td>4.88 m<\/td>\r\n<\/tr>\r\n<\/tbody>\r\n<\/table>"],"_brief_description":["field_637c0851009a8"],"standard_features":["<h2>Standard Features<\/h2>\r\n<ul>\r\n \t<li>On-board diagnostic system<\/li>\r\n \t<li>Folding guardrails<\/li>\r\n \t<li>Proportional control<\/li>\r\n \t<li>Extended platform<\/li>\r\n \t<li>Safe height travel<\/li>\r\n \t<li>Four-wheel drive<\/li>\r\n \t<li>Braking system<\/li>\r\n \t<li>Manual brake release<\/li>\r\n \t<li>Safety anchor points<\/li>\r\n \t<li>Horn<\/li>\r\n \t<li>Emergency pump<\/li>\r\n \t<li>Timer<\/li>\r\n \t<li>Halving lights<\/li>\r\n \t<li>Descent alarm<\/li>\r\n \t<li>Descent protection<\/li>\r\n \t<li>Tilt sensor and audible alarm<\/li>\r\n \t<li>Overload protection system<\/li>\r\n \t<li>Safe maintenance support frame<\/li>\r\n \t<li>AC power connection to platform<\/li>\r\n \t<li>Solid, rough-surface tires<\/li>\r\n<\/ul>"],"_standard_features":["field_6373e9bbd18e2"],"downloads":["<h2>Downloads<\/h2>\r\n<div class=\"productDownloads\"><span id=\"dw-icon\"><i class=\"fas fa-download\"><\/i><\/span><a href=\"\/wp-content\/uploads\/2025\/11\/xew-rt_EN202304.pdf\" target=\"_blank\" rel=\"noopener\">XEW-RT series - Product Specifications - 2025 - EN<\/a>\r\n<span id=\"dw-icon\"><i class=\"fas fa-download\"><\/i><\/span><a href=\"\/wp-content\/uploads\/2025\/11\/xew-rt_ES202304.pdf\" target=\"_blank\" rel=\"noopener\">XEW-RT series - Product Specifications - 2025 - ES<\/a><\/div>"],"options":["<h2>Options<\/h2>\r\n<ul>\r\n \t<li>Air hose to work platform<\/li>\r\n \t<li>Automatic leveling hydraulic outriggers<\/li>\r\n \t<li>Overload sensor<\/li>\r\n \t<li>Motion alarm assembly<\/li>\r\n<\/ul>"],"_options":["field_6373ebdfd18e4"],"rank_math_primary_product_cat":["23"],"site-sidebar-layout":["default"],"site-content-layout":["default"],"theme-transparent-header-meta":["default"],"stick-header-meta":["default"],"rank_math_focus_keyword":["Rough Terrain Scissor Lift"],"video":[""],"_video":["field_63927274ced01"],"cmplz_hide_cookiebanner":[""],"rank_math_title":["XEW150RT Rough Terrain Scissor Lift Lift | Aerial Lifts - Mantall"],"rank_math_description":["XEW150RT Rough Terrain Scissor Lift has a maximum working height of 15m. It is equipped with power batteries, a 6.3-meter-long double extension platform. "],"_trp_translated_slug_es_ES":["plataforma-de-tijera-todo-terreno-xdw150rt"],"_trp_automatically_translated_slug_de_DE":["xdw150rt-gelandetaugliche-scherenhebebuhne"],"_trp_automatically_translated_slug_fr_FR":["xdw150rt-rough-terrain-scissor-lift"],"_trp_automatically_translated_slug_it_IT":["xdw150rt-sollevatore-a-forbice-per-terreni-accidentati"],"_trp_automatically_translated_slug_pl_PL":["xdw150rt-rough-terrain-scissor-lift"],"_trp_automatically_translated_slug_nl_NL":["xdw150rt-ruw-terrein-schaarlift"],"_trp_automatically_translated_slug_pt_PT":["xdw150rt-fora-de-terreno-elevador-de-tesoura"],"rank_math_analytic_object_id":["48"],"astra_style_timestamp_css":["1742131421"],"rank_math_primary_product_brand":["0"],"ast-site-content-layout":["default"],"site-content-style":["default"],"site-sidebar-style":["default"],"_edit_lock":["1762086496:1"],"_edit_last":["1"],"_downloads":["field_6373eb91d18e3"],"astra-migrate-meta-layouts":["set"],"_uag_page_assets":["a:9:{s:3:\"css\";s:0:\"\";s:2:\"js\";s:0:\"\";s:18:\"current_block_list\";a:9:{i:0;s:11:\"core\/search\";i:1;s:10:\"core\/group\";i:2;s:12:\"core\/heading\";i:3;s:17:\"core\/latest-posts\";i:4;s:20:\"core\/latest-comments\";i:5;s:13:\"core\/archives\";i:7;s:15:\"core\/categories\";i:8;s:36:\"contact-form-7\/contact-form-selector\";i:9;s:14:\"core\/shortcode\";}s:8:\"uag_flag\";b:0;s:11:\"uag_version\";i:1774342923;s:6:\"gfonts\";a:0:{}s:10:\"gfonts_url\";s:0:\"\";s:12:\"gfonts_files\";a:0:{}s:14:\"uag_faq_layout\";b:0;}"]},"uagb_featured_image_src":{"full":["https:\/\/www.mantall.eu\/wp-content\/uploads\/2025\/11\/xew180rt-1.webp",1080,1440,false],"thumbnail":["https:\/\/www.mantall.eu\/wp-content\/uploads\/2025\/11\/xew180rt-1-113x150.webp",113,150,true],"medium":["https:\/\/www.mantall.eu\/wp-content\/uploads\/2025\/11\/xew180rt-1-225x300.webp",225,300,true],"medium_large":["https:\/\/www.mantall.eu\/wp-content\/uploads\/2025\/11\/xew180rt-1-768x1024.webp",768,1024,true],"large":["https:\/\/www.mantall.eu\/wp-content\/uploads\/2025\/11\/xew180rt-1-768x1024.webp",768,1024,true],"1536x1536":["https:\/\/www.mantall.eu\/wp-content\/uploads\/2025\/11\/xew180rt-1.webp",1080,1440,false],"2048x2048":["https:\/\/www.mantall.eu\/wp-content\/uploads\/2025\/11\/xew180rt-1.webp",1080,1440,false],"trp-custom-language-flag":["https:\/\/www.mantall.eu\/wp-content\/uploads\/2025\/11\/xew180rt-1-9x12.webp",9,12,true],"woocommerce_thumbnail":["https:\/\/www.mantall.eu\/wp-content\/uploads\/2025\/11\/xew180rt-1-300x400.webp",300,400,true],"woocommerce_single":["https:\/\/www.mantall.eu\/wp-content\/uploads\/2025\/11\/xew180rt-1-800x1067.webp",800,1067,true],"woocommerce_gallery_thumbnail":["https:\/\/www.mantall.eu\/wp-content\/uploads\/2025\/11\/xew180rt-1-100x100.webp",100,100,true]},"uagb_author_info":{"display_name":"mantall","author_link":"https:\/\/www.mantall.eu\/es\/author\/"},"uagb_comment_info":0,"uagb_excerpt":"Mantall\u00ae XEW150RT Rough Terrain Scissor Lift has a maximum working height of 15 meters. It is equipped with power batteries, a 6.3-meter-long double extension platform. XEW150RT can carry up to 8 workers with a maximum load of 680 kg. With four-wheel drive and 45 percent gradeability, it enables workers to get a variety of jobs&hellip;","_links":{"self":[{"href":"https:\/\/www.mantall.eu\/es\/wp-json\/wp\/v2\/product\/2012","targetHints":{"allow":["GET"]}}],"collection":[{"href":"https:\/\/www.mantall.eu\/es\/wp-json\/wp\/v2\/product"}],"about":[{"href":"https:\/\/www.mantall.eu\/es\/wp-json\/wp\/v2\/types\/product"}],"wp:featuredmedia":[{"embeddable":true,"href":"https:\/\/www.mantall.eu\/es\/wp-json\/wp\/v2\/media\/2017"}],"wp:attachment":[{"href":"https:\/\/www.mantall.eu\/es\/wp-json\/wp\/v2\/media?parent=2012"}],"wp:term":[{"taxonomy":"product_brand","embeddable":true,"href":"https:\/\/www.mantall.eu\/es\/wp-json\/wp\/v2\/product_brand?post=2012"},{"taxonomy":"product_cat","embeddable":true,"href":"https:\/\/www.mantall.eu\/es\/wp-json\/wp\/v2\/product_cat?post=2012"},{"taxonomy":"product_tag","embeddable":true,"href":"https:\/\/www.mantall.eu\/es\/wp-json\/wp\/v2\/product_tag?post=2012"}],"curies":[{"name":"wp","href":"https:\/\/api.w.org\/{rel}","templated":true}]}}