{"id":985,"date":"2022-11-27T20:19:41","date_gmt":"2022-11-27T19:19:41","guid":{"rendered":"https:\/\/www.mantall.eu\/?post_type=product&#038;p=985"},"modified":"2022-12-17T19:49:38","modified_gmt":"2022-12-17T18:49:38","slug":"imp120j-vertikal-mast-lift","status":"publish","type":"product","link":"https:\/\/www.mantall.eu\/de\/aerial-lifts\/imp120j-vertical-mast-lift\/","title":{"rendered":"IMP120J Vertikaler Mastlift"},"content":{"rendered":"<h2>IMP120J Vertikaler Mastlift Spezifikationen<span style=\"vertical-align: middle; padding: 0 10px;\"><div class=\"_df_thumb\" id=\"df_976\"  _slug=\"imp120j\" data-title=\"imp120j\" wpoptions=\"true\" thumb=\"https:\/\/www.mantall.eu\/wp-content\/uploads\/2022\/11\/pdf.svg\" thumbtype=\"\" >imp120j<\/div><script class=\"df-shortcode-script\" nowprocket type=\"application\/javascript\">window.option_df_976 = {\"outline\":[],\"autoEnableOutline\":\"false\",\"autoEnableThumbnail\":\"false\",\"overwritePDFOutline\":\"false\",\"direction\":\"1\",\"pageSize\":\"0\",\"source\":\"https:\\\/\\\/www.mantall.eu\\\/wp-content\\\/uploads\\\/2022\\\/11\\\/imp120j_EN.pdf\",\"wpOptions\":\"true\"}; if(window.DFLIP && window.DFLIP.parseBooks){window.DFLIP.parseBooks();}<\/script><\/span><\/h2>\n<table class=\"specification\">\n<thead>\n<tr>\n<th>Spezifikation<\/th>\n<th>Wert<\/th>\n<\/tr>\n<\/thead>\n<tbody>\n<tr>\n<td>Maximale Arbeitsh\u00f6he<\/td>\n<td>12 m<\/td>\n<\/tr>\n<tr>\n<td>Max Working Outreach<\/td>\n<td>6 m<\/td>\n<\/tr>\n<tr>\n<td>Tragf\u00e4higkeit<\/td>\n<td>200 kg<\/td>\n<\/tr>\n<tr>\n<td>Gesamtbreite<\/td>\n<td>1.2 m<\/td>\n<\/tr>\n<tr>\n<td>Gesamtl\u00e4nge<\/td>\n<td>4.03 m<\/td>\n<\/tr>\n<tr>\n<td>Gewicht<\/td>\n<td>4770 kg<\/td>\n<\/tr>\n<\/tbody>\n<\/table>","protected":false},"excerpt":{"rendered":"<p class=\"translation-block\">Der Vertikalmastlift Mantall<span id=\"super\">\u00ae<\/span> IMP120J hat eine maximale Arbeitsh\u00f6he von 12 m, eine maximale Tragf\u00e4higkeit von 200 kg und einen maximalen Arbeitsradius von 6 m. Der Drehtisch dreht sich diskontinuierlich um 345\u00b0, der Ausleger schwenkt um 135\u00b0 nach oben und unten, und die Plattform dreht sich horizontal um 90\u00b0. Der IMP120J ist mit einem AC-Antriebsmotor ausgestattet, um die Wartungskosten zu minimieren. Er hat eine Steigf\u00e4higkeit von 30% und eine Fahrgeschwindigkeit von 6km\/h. Der IMP120J verf\u00fcgt \u00fcber ein elektrisches automatisches Nivellierungssystem, ein Neigungssystem und ein \u00dcberlastungsschutzsystem, die es dem Benutzer erm\u00f6glichen, Arbeiten in gro\u00dfer H\u00f6he sicher auszuf\u00fchren. Der IMP120J Vertikalmastaufzug kann mehrere Arbeiten gleichzeitig ausf\u00fchren, was die Arbeitseffizienz erheblich verbessert.<\/p>","protected":false},"featured_media":957,"template":"","meta":{"_acf_changed":false,"_uag_custom_page_level_css":"","site-sidebar-layout":"default","site-content-layout":"default","ast-site-content-layout":"default","site-content-style":"default","site-sidebar-style":"default","ast-global-header-display":"","ast-banner-title-visibility":"","ast-main-header-display":"","ast-hfb-above-header-display":"","ast-hfb-below-header-display":"","ast-hfb-mobile-header-display":"","site-post-title":"","ast-breadcrumbs-content":"","ast-featured-img":"","footer-sml-layout":"","ast-disable-related-posts":"","theme-transparent-header-meta":"default","adv-header-id-meta":"","stick-header-meta":"default","header-above-stick-meta":"","header-main-stick-meta":"","header-below-stick-meta":"","astra-migrate-meta-layouts":"default","ast-page-background-enabled":"default","ast-page-background-meta":{"desktop":{"background-color":"var(--ast-global-color-4)","background-image":"","background-repeat":"repeat","background-position":"center center","background-size":"auto","background-attachment":"scroll","background-type":"","background-media":"","overlay-type":"","overlay-color":"","overlay-opacity":"","overlay-gradient":""},"tablet":{"background-color":"","background-image":"","background-repeat":"repeat","background-position":"center center","background-size":"auto","background-attachment":"scroll","background-type":"","background-media":"","overlay-type":"","overlay-color":"","overlay-opacity":"","overlay-gradient":""},"mobile":{"background-color":"","background-image":"","background-repeat":"repeat","background-position":"center center","background-size":"auto","background-attachment":"scroll","background-type":"","background-media":"","overlay-type":"","overlay-color":"","overlay-opacity":"","overlay-gradient":""}},"ast-content-background-meta":{"desktop":{"background-color":"var(--ast-global-color-5)","background-image":"","background-repeat":"repeat","background-position":"center center","background-size":"auto","background-attachment":"scroll","background-type":"","background-media":"","overlay-type":"","overlay-color":"","overlay-opacity":"","overlay-gradient":""},"tablet":{"background-color":"var(--ast-global-color-5)","background-image":"","background-repeat":"repeat","background-position":"center center","background-size":"auto","background-attachment":"scroll","background-type":"","background-media":"","overlay-type":"","overlay-color":"","overlay-opacity":"","overlay-gradient":""},"mobile":{"background-color":"var(--ast-global-color-5)","background-image":"","background-repeat":"repeat","background-position":"center center","background-size":"auto","background-attachment":"scroll","background-type":"","background-media":"","overlay-type":"","overlay-color":"","overlay-opacity":"","overlay-gradient":""}}},"product_brand":[],"product_cat":[22],"product_tag":[],"class_list":{"0":"post-985","1":"product","2":"type-product","3":"status-publish","4":"has-post-thumbnail","6":"product_cat-vertical-mast-lifts","7":"desktop-align-left","8":"tablet-align-left","9":"mobile-align-left","10":"ast-product-gallery-layout-first-image-large","11":"ast-product-tabs-layout-horizontal","13":"first","14":"instock","15":"taxable","16":"shipping-taxable","17":"product-type-simple"},"acf":[],"spectra_custom_meta":{"rank_math_internal_links_processed":["1","1","1","1","1","1","1","1","1","1","1","1"],"total_sales":["0"],"_tax_status":["taxable"],"_tax_class":[""],"_manage_stock":["no"],"_backorders":["no"],"_sold_individually":["no"],"_virtual":["no"],"_downloadable":["no"],"_product_image_gallery":["958"],"_download_limit":["-1"],"_download_expiry":["-1"],"_thumbnail_id":["957"],"_stock":[null],"_stock_status":["instock"],"_wc_average_rating":["0"],"_wc_review_count":["0"],"_product_attributes":["a:5:{s:26:\"pa_vertical-working-height\";a:6:{s:4:\"name\";s:26:\"pa_vertical-working-height\";s:5:\"value\";s:0:\"\";s:8:\"position\";i:0;s:10:\"is_visible\";i:1;s:12:\"is_variation\";i:0;s:11:\"is_taxonomy\";i:1;}s:20:\"pa_vertical-outreach\";a:6:{s:4:\"name\";s:20:\"pa_vertical-outreach\";s:5:\"value\";s:0:\"\";s:8:\"position\";i:1;s:10:\"is_visible\";i:1;s:12:\"is_variation\";i:0;s:11:\"is_taxonomy\";i:1;}s:20:\"pa_vertical-capacity\";a:6:{s:4:\"name\";s:20:\"pa_vertical-capacity\";s:5:\"value\";s:0:\"\";s:8:\"position\";i:2;s:10:\"is_visible\";i:1;s:12:\"is_variation\";i:0;s:11:\"is_taxonomy\";i:1;}s:15:\"pa_power-source\";a:6:{s:4:\"name\";s:15:\"pa_power-source\";s:5:\"value\";s:0:\"\";s:8:\"position\";i:3;s:10:\"is_visible\";i:1;s:12:\"is_variation\";i:0;s:11:\"is_taxonomy\";i:1;}s:14:\"pa_mobile-mode\";a:6:{s:4:\"name\";s:14:\"pa_mobile-mode\";s:5:\"value\";s:0:\"\";s:8:\"position\";i:4;s:10:\"is_visible\";i:1;s:12:\"is_variation\";i:0;s:11:\"is_taxonomy\";i:1;}}"],"_product_version":["7.2.0"],"_uabb_version":["1.35.2"],"rank_math_seo_score":["78"],"rank_math_contentai_score":["a:4:{s:9:\"wordCount\";s:3:\"100\";s:9:\"linkCount\";s:1:\"0\";s:12:\"headingCount\";s:3:\"100\";s:10:\"mediaCount\";s:5:\"62.22\";}"],"brief_description":["<table class=\"specification\">\r\n<tbody>\r\n<tr>\r\n<td>Max Working Height<\/td>\r\n<td>12 m<\/td>\r\n<\/tr>\r\n<tr>\r\n<td>Max Working Outreach<\/td>\r\n<td>6 m<\/td>\r\n<\/tr>\r\n<tr>\r\n<td>Lifting Capacity<\/td>\r\n<td>200 kg<\/td>\r\n<\/tr>\r\n<tr>\r\n<td>Overall Width<\/td>\r\n<td>1.2 m<\/td>\r\n<\/tr>\r\n<tr>\r\n<td>Overall Length<\/td>\r\n<td>4.03 m<\/td>\r\n<\/tr>\r\n<\/tbody>\r\n<\/table>"],"_brief_description":["field_637c0851009a8"],"standard_features":["<h2>Standard Features<\/h2>\r\n<ul>\r\n \t<li>345 degree discontinuous rotation<\/li>\r\n \t<li>Jib swing:-60 degree\/+75 degree<\/li>\r\n \t<li>Platform swing: left 45 degree\/right 45 degree<\/li>\r\n \t<li>Non-marking rubber tires (size 457*178*308)<\/li>\r\n \t<li>2.5 degree tilt alarm<\/li>\r\n \t<li>Lifting ears (4 pieces)<\/li>\r\n \t<li>Hour meter<\/li>\r\n \t<li>Proportional control<\/li>\r\n \t<li>Horn<\/li>\r\n \t<li>Fault diagnosis system<\/li>\r\n \t<li>Automatic brake system<\/li>\r\n \t<li>Explosion-proof of the oil tube<\/li>\r\n \t<li>Manual brake release<\/li>\r\n \t<li>Overload sensor<\/li>\r\n \t<li>Platform foot switch<\/li>\r\n \t<li>Emergency lowering down system<\/li>\r\n<\/ul>"],"_standard_features":["field_6373e9bbd18e2"],"downloads":["<h2>Downloads<\/h2>\r\n<div class=\"productDownloads\"><a href=\"\/wp-content\/uploads\/2022\/11\/imp120j_EN.pdf\" target=\"_blank\" rel=\"noopener noreferrer\"><span id=\"dw-icon\"><i class=\"fas fa-download\"><\/i><\/span>IMP120J series - Product Specifications - 2022 - EN<\/a>\r\n<a href=\"\/wp-content\/uploads\/2022\/11\/imp120j_ES.pdf\" target=\"_blank\" rel=\"noopener noreferrer\"><span id=\"dw-icon\"><i class=\"fas fa-download\"><\/i><\/span>IMP120J series - Product Specifications - 2022 - ES<\/a><\/div>"],"options":["<h2>Options<\/h2>\r\n<ul>\r\n \t<li>Handheld fault diagnostics<\/li>\r\n \t<li>Air line to the platform<\/li>\r\n \t<li>Platform working light<\/li>\r\n \t<li>AC power to the platform<\/li>\r\n \t<li>Tool bracket<\/li>\r\n \t<li>All motion alarm<\/li>\r\n \t<li>Top limit protection auto-stop device<\/li>\r\n \t<li>Maintenance free battery<\/li>\r\n \t<li>Fiberglass platform<\/li>\r\n<\/ul>"],"_options":["field_6373ebdfd18e4"],"rank_math_primary_product_cat":["22"],"site-sidebar-layout":["default"],"site-content-layout":["default"],"theme-transparent-header-meta":["default"],"stick-header-meta":["default"],"rank_math_focus_keyword":["vertical mast lift"],"_edit_lock":["1762124974:1"],"_edit_last":["2"],"_downloads":["field_6373eb91d18e3"],"video":["<iframe width=\"320\" height=\"180\"\r\nsrc=\"https:\/\/www.youtube.com\/embed\/9rLRjfqO6m4\">\r\n<\/iframe>"],"_video":["field_63927274ced01"],"cmplz_hide_cookiebanner":[""],"rank_math_title":["IMP120J Vertical Mast Lift | Aerial Lifts - Mantall"],"rank_math_description":["IMP120J vertical mast lift has a maximum working height of 12m, a maximum load of 200kg, and is equipped with an AC drive motor to minimize maintenance costs."],"_trp_translated_slug_es_ES":["plataforma-de-mastil-vertical-imp120j"],"_trp_automatically_translated_slug_de_DE":["imp120j-vertikal-mast-lift"],"_trp_automatically_translated_slug_fr_FR":["imp120j-vertical-mast-lift"],"_trp_automatically_translated_slug_it_IT":["imp120j-ascensore-verticale"],"_trp_automatically_translated_slug_pl_PL":["imp120j-pionowy-podnosnik-masztowy"],"_trp_automatically_translated_slug_nl_NL":["imp120j-vertical-mast-lift"],"_trp_automatically_translated_slug_pt_PT":["imp120j-vertical-mast-lift"],"rank_math_analytic_object_id":["30"],"astra_style_timestamp_css":["1742891132"],"_uag_page_assets":["a:9:{s:3:\"css\";s:0:\"\";s:2:\"js\";s:0:\"\";s:18:\"current_block_list\";a:9:{i:0;s:11:\"core\/search\";i:1;s:10:\"core\/group\";i:2;s:12:\"core\/heading\";i:3;s:17:\"core\/latest-posts\";i:4;s:20:\"core\/latest-comments\";i:5;s:13:\"core\/archives\";i:7;s:15:\"core\/categories\";i:8;s:36:\"contact-form-7\/contact-form-selector\";i:9;s:14:\"core\/shortcode\";}s:8:\"uag_flag\";b:0;s:11:\"uag_version\";i:1774342923;s:6:\"gfonts\";a:0:{}s:10:\"gfonts_url\";s:0:\"\";s:12:\"gfonts_files\";a:0:{}s:14:\"uag_faq_layout\";b:0;}"]},"uagb_featured_image_src":{"full":["https:\/\/www.mantall.eu\/wp-content\/uploads\/2022\/11\/imp120j_01.webp",600,800,false],"thumbnail":["https:\/\/www.mantall.eu\/wp-content\/uploads\/2022\/11\/imp120j_01-150x150.webp",150,150,true],"medium":["https:\/\/www.mantall.eu\/wp-content\/uploads\/2022\/11\/imp120j_01-225x300.webp",225,300,true],"medium_large":["https:\/\/www.mantall.eu\/wp-content\/uploads\/2022\/11\/imp120j_01.webp",600,800,false],"large":["https:\/\/www.mantall.eu\/wp-content\/uploads\/2022\/11\/imp120j_01.webp",600,800,false],"1536x1536":["https:\/\/www.mantall.eu\/wp-content\/uploads\/2022\/11\/imp120j_01.webp",600,800,false],"2048x2048":["https:\/\/www.mantall.eu\/wp-content\/uploads\/2022\/11\/imp120j_01.webp",600,800,false],"trp-custom-language-flag":["https:\/\/www.mantall.eu\/wp-content\/uploads\/2022\/11\/imp120j_01-9x12.webp",9,12,true],"woocommerce_thumbnail":["https:\/\/www.mantall.eu\/wp-content\/uploads\/2022\/11\/imp120j_01-300x400.webp",300,400,true],"woocommerce_single":["https:\/\/www.mantall.eu\/wp-content\/uploads\/2022\/11\/imp120j_01.webp",600,800,false],"woocommerce_gallery_thumbnail":["https:\/\/www.mantall.eu\/wp-content\/uploads\/2022\/11\/imp120j_01-100x100.webp",100,100,true]},"uagb_author_info":{"display_name":"mantall","author_link":"https:\/\/www.mantall.eu\/de\/author\/"},"uagb_comment_info":0,"uagb_excerpt":"Mantall\u00ae IMP120J vertical mast lift has a maximum working height of 12m, a maximum load of 200kg, and a maximum working radius of 6m. The turntable rotates 345\u00b0 discontinuously, the jib swings up and down 135\u00b0, and the platform rotates 90\u00b0 horizontally. IMP120J features an AC drive motor to minimize maintenance costs. It has a&hellip;","_links":{"self":[{"href":"https:\/\/www.mantall.eu\/de\/wp-json\/wp\/v2\/product\/985","targetHints":{"allow":["GET"]}}],"collection":[{"href":"https:\/\/www.mantall.eu\/de\/wp-json\/wp\/v2\/product"}],"about":[{"href":"https:\/\/www.mantall.eu\/de\/wp-json\/wp\/v2\/types\/product"}],"wp:featuredmedia":[{"embeddable":true,"href":"https:\/\/www.mantall.eu\/de\/wp-json\/wp\/v2\/media\/957"}],"wp:attachment":[{"href":"https:\/\/www.mantall.eu\/de\/wp-json\/wp\/v2\/media?parent=985"}],"wp:term":[{"taxonomy":"product_brand","embeddable":true,"href":"https:\/\/www.mantall.eu\/de\/wp-json\/wp\/v2\/product_brand?post=985"},{"taxonomy":"product_cat","embeddable":true,"href":"https:\/\/www.mantall.eu\/de\/wp-json\/wp\/v2\/product_cat?post=985"},{"taxonomy":"product_tag","embeddable":true,"href":"https:\/\/www.mantall.eu\/de\/wp-json\/wp\/v2\/product_tag?post=985"}],"curies":[{"name":"wp","href":"https:\/\/api.w.org\/{rel}","templated":true}]}}