{"id":847,"date":"2022-11-25T23:26:40","date_gmt":"2022-11-25T22:26:40","guid":{"rendered":"https:\/\/www.mantall.eu\/?post_type=product&#038;p=847"},"modified":"2025-11-02T19:36:17","modified_gmt":"2025-11-02T18:36:17","slug":"xe-a110s-zusatzlicher-antrieb-scherenhebebuhne","status":"publish","type":"product","link":"https:\/\/www.mantall.eu\/de\/aerial-lifts\/xe-a110s-auxiliary-drive-scissor-lift\/","title":{"rendered":"XE-A110S Scherenhebeb\u00fchne mit Hilfsantrieb"},"content":{"rendered":"<h2>XE-A110S Scherenhebeb\u00fchne mit Hilfsantrieb Technische Daten<span style=\"vertical-align: middle; padding: 0 10px;\"><div class=\"_df_thumb\" id=\"df_840\"  _slug=\"xe-a-m\" data-title=\"xe-a-m\" wpoptions=\"true\" thumb=\"https:\/\/www.mantall.eu\/wp-content\/uploads\/2022\/11\/pdf.svg\" thumbtype=\"\" >xe-a-m<\/div><script class=\"df-shortcode-script\" nowprocket type=\"application\/javascript\">window.option_df_840 = {\"outline\":[],\"autoEnableOutline\":\"false\",\"autoEnableThumbnail\":\"false\",\"overwritePDFOutline\":\"false\",\"direction\":\"1\",\"pageSize\":\"0\",\"source\":\"https:\\\/\\\/www.mantall.eu\\\/wp-content\\\/uploads\\\/2022\\\/11\\\/xe-a-m_EN.pdf\",\"wpOptions\":\"true\"}; if(window.DFLIP && window.DFLIP.parseBooks){window.DFLIP.parseBooks();}<\/script><\/span><\/h2>\n<table class=\"specification\">\n<thead>\n<tr>\n<th>Spezifikation<\/th>\n<th>Wert<\/th>\n<\/tr>\n<\/thead>\n<tbody>\n<tr>\n<td>Maximale Arbeitsh\u00f6he<\/td>\n<td>11 m<\/td>\n<\/tr>\n<tr>\n<td>Tragf\u00e4higkeit<\/td>\n<td>450 kg<\/td>\n<\/tr>\n<tr>\n<td>Gesamtbreite<\/td>\n<td>1.3 m<\/td>\n<\/tr>\n<tr>\n<td>Gesamtl\u00e4nge<\/td>\n<td>2.26 m<\/td>\n<\/tr>\n<tr>\n<td>Gewicht<\/td>\n<td>1260 kg<\/td>\n<\/tr>\n<\/tbody>\n<\/table>","protected":false},"excerpt":{"rendered":"<p class=\"translation-block\">Die Mantall<span id=\"super\">\u00ae<\/span> XE-A110S Scherenhebeb\u00fchne mit Hilfsantrieb hat eine maximale Arbeitsh\u00f6he von 11 Metern und eine maximale Tragf\u00e4higkeit von 450 kg. Sie ist mit einem Hilfsantrieb ausgestattet und kann von einer Person bewegt werden. Dank der Emissionsfreiheit ist die XE-A110S daher auch eine umweltfreundliche und wirtschaftliche L\u00f6sung f\u00fcr das Heben von Personen und schweren Gegenst\u00e4nden in Arbeitsh\u00f6hen. Die Scherenhebeb\u00fchne XE-A110S mit Hilfsantrieb ist f\u00fcr Innen- und Au\u00dfenanwendungen geeignet.<\/p>","protected":false},"featured_media":822,"template":"","meta":{"_acf_changed":false,"_uag_custom_page_level_css":"","site-sidebar-layout":"default","site-content-layout":"default","ast-site-content-layout":"default","site-content-style":"default","site-sidebar-style":"default","ast-global-header-display":"","ast-banner-title-visibility":"","ast-main-header-display":"","ast-hfb-above-header-display":"","ast-hfb-below-header-display":"","ast-hfb-mobile-header-display":"","site-post-title":"","ast-breadcrumbs-content":"","ast-featured-img":"","footer-sml-layout":"","ast-disable-related-posts":"","theme-transparent-header-meta":"default","adv-header-id-meta":"","stick-header-meta":"default","header-above-stick-meta":"","header-main-stick-meta":"","header-below-stick-meta":"","astra-migrate-meta-layouts":"default","ast-page-background-enabled":"default","ast-page-background-meta":{"desktop":{"background-color":"var(--ast-global-color-4)","background-image":"","background-repeat":"repeat","background-position":"center center","background-size":"auto","background-attachment":"scroll","background-type":"","background-media":"","overlay-type":"","overlay-color":"","overlay-opacity":"","overlay-gradient":""},"tablet":{"background-color":"","background-image":"","background-repeat":"repeat","background-position":"center center","background-size":"auto","background-attachment":"scroll","background-type":"","background-media":"","overlay-type":"","overlay-color":"","overlay-opacity":"","overlay-gradient":""},"mobile":{"background-color":"","background-image":"","background-repeat":"repeat","background-position":"center center","background-size":"auto","background-attachment":"scroll","background-type":"","background-media":"","overlay-type":"","overlay-color":"","overlay-opacity":"","overlay-gradient":""}},"ast-content-background-meta":{"desktop":{"background-color":"var(--ast-global-color-5)","background-image":"","background-repeat":"repeat","background-position":"center center","background-size":"auto","background-attachment":"scroll","background-type":"","background-media":"","overlay-type":"","overlay-color":"","overlay-opacity":"","overlay-gradient":""},"tablet":{"background-color":"var(--ast-global-color-5)","background-image":"","background-repeat":"repeat","background-position":"center center","background-size":"auto","background-attachment":"scroll","background-type":"","background-media":"","overlay-type":"","overlay-color":"","overlay-opacity":"","overlay-gradient":""},"mobile":{"background-color":"var(--ast-global-color-5)","background-image":"","background-repeat":"repeat","background-position":"center center","background-size":"auto","background-attachment":"scroll","background-type":"","background-media":"","overlay-type":"","overlay-color":"","overlay-opacity":"","overlay-gradient":""}}},"product_brand":[],"product_cat":[23],"product_tag":[],"class_list":{"0":"post-847","1":"product","2":"type-product","3":"status-publish","4":"has-post-thumbnail","6":"product_cat-scissor-lifts","7":"desktop-align-left","8":"tablet-align-left","9":"mobile-align-left","10":"ast-product-gallery-layout-first-image-large","11":"ast-product-tabs-layout-horizontal","13":"first","14":"instock","15":"taxable","16":"shipping-taxable","17":"product-type-simple"},"acf":[],"spectra_custom_meta":{"rank_math_internal_links_processed":["1","1","1","1"],"total_sales":["0"],"_tax_status":["taxable"],"_tax_class":[""],"_manage_stock":["no"],"_backorders":["no"],"_sold_individually":["no"],"_virtual":["no"],"_downloadable":["no"],"_product_image_gallery":["823,817,818"],"_download_limit":["-1"],"_download_expiry":["-1"],"_thumbnail_id":["822"],"_stock":[null],"_stock_status":["instock"],"_wc_average_rating":["0"],"_wc_review_count":["0"],"_product_attributes":["a:5:{s:25:\"pa_scissor-working-height\";a:6:{s:4:\"name\";s:25:\"pa_scissor-working-height\";s:5:\"value\";s:0:\"\";s:8:\"position\";i:0;s:10:\"is_visible\";i:1;s:12:\"is_variation\";i:0;s:11:\"is_taxonomy\";i:1;}s:19:\"pa_scissor-capacity\";a:6:{s:4:\"name\";s:19:\"pa_scissor-capacity\";s:5:\"value\";s:0:\"\";s:8:\"position\";i:1;s:10:\"is_visible\";i:1;s:12:\"is_variation\";i:0;s:11:\"is_taxonomy\";i:1;}s:15:\"pa_power-source\";a:6:{s:4:\"name\";s:15:\"pa_power-source\";s:5:\"value\";s:0:\"\";s:8:\"position\";i:2;s:10:\"is_visible\";i:1;s:12:\"is_variation\";i:0;s:11:\"is_taxonomy\";i:1;}s:14:\"pa_mobile-mode\";a:6:{s:4:\"name\";s:14:\"pa_mobile-mode\";s:5:\"value\";s:0:\"\";s:8:\"position\";i:3;s:10:\"is_visible\";i:1;s:12:\"is_variation\";i:0;s:11:\"is_taxonomy\";i:1;}s:16:\"pa_scissor-width\";a:6:{s:4:\"name\";s:16:\"pa_scissor-width\";s:5:\"value\";s:0:\"\";s:8:\"position\";i:4;s:10:\"is_visible\";i:1;s:12:\"is_variation\";i:0;s:11:\"is_taxonomy\";i:1;}}"],"_product_version":["10.3.4"],"_uabb_version":["1.35.2"],"rank_math_seo_score":["79"],"rank_math_contentai_score":["a:4:{s:9:\"wordCount\";s:3:\"100\";s:9:\"linkCount\";s:1:\"0\";s:12:\"headingCount\";s:3:\"100\";s:10:\"mediaCount\";s:5:\"62.22\";}"],"rank_math_focus_keyword":["Auxiliary Drive Scissor Lift"],"brief_description":["<table class=\"specification\">\r\n<tbody>\r\n<tr>\r\n<td>Max Working Height<\/td>\r\n<td>11 m<\/td>\r\n<\/tr>\r\n<tr>\r\n<td>Lifting Capacity<\/td>\r\n<td>450 kg<\/td>\r\n<\/tr>\r\n<tr>\r\n<td>Overall Width<\/td>\r\n<td>1.3 m<\/td>\r\n<\/tr>\r\n<tr>\r\n<td>Overall Length<\/td>\r\n<td>2.26 m<\/td>\r\n<\/tr>\r\n<\/tbody>\r\n<\/table>"],"_brief_description":["field_637c0851009a8"],"standard_features":["<h2>Standard Features<\/h2>\r\n<ul>\r\n \t<li>Electric self-propelled, can operate by one person for drive and work in high position<\/li>\r\n \t<li>Hydraulic line rupture protection device<\/li>\r\n \t<li>Screw support leveling device<\/li>\r\n \t<li>Emergency stop button<\/li>\r\n \t<li>Emergency lower down<\/li>\r\n \t<li>Rain-proof control box<\/li>\r\n \t<li>Automatically battery charger<\/li>\r\n<\/ul>"],"_standard_features":["field_6373e9bbd18e2"],"downloads":["<h2>Downloads<\/h2>\r\n<div class=\"productDownloads\"><a href=\"\/wp-content\/uploads\/2022\/11\/xe-a-m_EN.pdf\" target=\"_blank\" rel=\"noopener noreferrer\"><span id=\"dw-icon\"><i class=\"fas fa-download\"><\/i><\/span>XE-A-M series - Product Specifications - 2022 - EN<\/a>\r\n<a href=\"\/wp-content\/uploads\/2022\/11\/xe-a-m_ES.pdf\" target=\"_blank\" rel=\"noopener noreferrer\"><span id=\"dw-icon\"><i class=\"fas fa-download\"><\/i><\/span>XE-A-M series - Product Specifications - 2022 - ES<\/a><\/div>"],"options":["<h2>Options<\/h2>\r\n<ul>\r\n \t<li>Extended Platform (below and included XE-A130S model)<\/li>\r\n<\/ul>"],"_options":["field_6373ebdfd18e4"],"rank_math_primary_product_cat":["23"],"site-sidebar-layout":["default"],"site-content-layout":["default"],"theme-transparent-header-meta":["default"],"stick-header-meta":["default"],"_edit_lock":["1671872972:2"],"_edit_last":["2"],"_downloads":["field_6373eb91d18e3"],"video":[""],"_video":["field_63927274ced01"],"cmplz_hide_cookiebanner":[""],"_wp_old_slug":["xe-a110s-scissor-lift"],"rank_math_title":["XE-A110S Auxiliary Drive Scissor Lift | Aerial Lifts - Mantall"],"rank_math_description":["XE-A110S auxiliary drive scissor lift has a max working height of 11 meters and a load capacity of 450kg. It is equipped with an auxiliary drive and moved by one person. "],"_trp_translated_slug_es_ES":["plataforma-tijera-movil-de-personal-xe-a110s"],"_trp_automatically_translated_slug_de_DE":["xe-a110s-zusatzlicher-antrieb-scherenhebebuhne"],"_trp_automatically_translated_slug_fr_FR":["xe-a110s-nacelle-a-ciseaux-a-entrainement-auxiliaire"],"_trp_automatically_translated_slug_it_IT":["xe-a110s-azionamento-ausiliario-ascensore-a-forbice"],"_trp_automatically_translated_slug_pl_PL":["xe-a110s-naped-pomocniczy-podnosnik-nozycowy"],"_trp_automatically_translated_slug_nl_NL":["xe-a110s-schaarlift-met-hulpaandrijving"],"_trp_automatically_translated_slug_pt_PT":["xe-a110s-accionamento-auxiliar-do-elevador-de-tesoura"],"rank_math_analytic_object_id":["71"],"astra_style_timestamp_css":["1742120941"],"_uag_page_assets":["a:9:{s:3:\"css\";s:0:\"\";s:2:\"js\";s:0:\"\";s:18:\"current_block_list\";a:9:{i:0;s:11:\"core\/search\";i:1;s:10:\"core\/group\";i:2;s:12:\"core\/heading\";i:3;s:17:\"core\/latest-posts\";i:4;s:20:\"core\/latest-comments\";i:5;s:13:\"core\/archives\";i:7;s:15:\"core\/categories\";i:8;s:36:\"contact-form-7\/contact-form-selector\";i:9;s:14:\"core\/shortcode\";}s:8:\"uag_flag\";b:0;s:11:\"uag_version\";i:1774342923;s:6:\"gfonts\";a:0:{}s:10:\"gfonts_url\";s:0:\"\";s:12:\"gfonts_files\";a:0:{}s:14:\"uag_faq_layout\";b:0;}"]},"uagb_featured_image_src":{"full":["https:\/\/www.mantall.eu\/wp-content\/uploads\/2022\/11\/xe-a110s_01.webp",800,800,false],"thumbnail":["https:\/\/www.mantall.eu\/wp-content\/uploads\/2022\/11\/xe-a110s_01-150x150.webp",150,150,true],"medium":["https:\/\/www.mantall.eu\/wp-content\/uploads\/2022\/11\/xe-a110s_01-300x300.webp",300,300,true],"medium_large":["https:\/\/www.mantall.eu\/wp-content\/uploads\/2022\/11\/xe-a110s_01-768x768.webp",768,768,true],"large":["https:\/\/www.mantall.eu\/wp-content\/uploads\/2022\/11\/xe-a110s_01.webp",800,800,false],"1536x1536":["https:\/\/www.mantall.eu\/wp-content\/uploads\/2022\/11\/xe-a110s_01.webp",800,800,false],"2048x2048":["https:\/\/www.mantall.eu\/wp-content\/uploads\/2022\/11\/xe-a110s_01.webp",800,800,false],"trp-custom-language-flag":["https:\/\/www.mantall.eu\/wp-content\/uploads\/2022\/11\/xe-a110s_01-12x12.webp",12,12,true],"woocommerce_thumbnail":["https:\/\/www.mantall.eu\/wp-content\/uploads\/2022\/11\/xe-a110s_01-300x300.webp",300,300,true],"woocommerce_single":["https:\/\/www.mantall.eu\/wp-content\/uploads\/2022\/11\/xe-a110s_01.webp",800,800,false],"woocommerce_gallery_thumbnail":["https:\/\/www.mantall.eu\/wp-content\/uploads\/2022\/11\/xe-a110s_01-100x100.webp",100,100,true]},"uagb_author_info":{"display_name":"mantall","author_link":"https:\/\/www.mantall.eu\/de\/author\/"},"uagb_comment_info":0,"uagb_excerpt":"Mantall\u00ae XE-A110S Auxiliary Drive Scissor Lift has a maximum working height of 11 meters and a maximum load capacity of 450kg. It is equipped with an auxiliary drive and can be moved by one person. Therefore, thanks to zero emissions, XE-A110S is also an environmentally friendly and economical solution for lifting people and heavy objects&hellip;","_links":{"self":[{"href":"https:\/\/www.mantall.eu\/de\/wp-json\/wp\/v2\/product\/847","targetHints":{"allow":["GET"]}}],"collection":[{"href":"https:\/\/www.mantall.eu\/de\/wp-json\/wp\/v2\/product"}],"about":[{"href":"https:\/\/www.mantall.eu\/de\/wp-json\/wp\/v2\/types\/product"}],"wp:featuredmedia":[{"embeddable":true,"href":"https:\/\/www.mantall.eu\/de\/wp-json\/wp\/v2\/media\/822"}],"wp:attachment":[{"href":"https:\/\/www.mantall.eu\/de\/wp-json\/wp\/v2\/media?parent=847"}],"wp:term":[{"taxonomy":"product_brand","embeddable":true,"href":"https:\/\/www.mantall.eu\/de\/wp-json\/wp\/v2\/product_brand?post=847"},{"taxonomy":"product_cat","embeddable":true,"href":"https:\/\/www.mantall.eu\/de\/wp-json\/wp\/v2\/product_cat?post=847"},{"taxonomy":"product_tag","embeddable":true,"href":"https:\/\/www.mantall.eu\/de\/wp-json\/wp\/v2\/product_tag?post=847"}],"curies":[{"name":"wp","href":"https:\/\/api.w.org\/{rel}","templated":true}]}}