{"id":1131,"date":"2022-11-29T22:25:29","date_gmt":"2022-11-29T21:25:29","guid":{"rendered":"https:\/\/www.mantall.eu\/?post_type=product&#038;p=1131"},"modified":"2025-11-02T21:12:38","modified_gmt":"2025-11-02T20:12:38","slug":"ht390-teleskop-ausleger-lift","status":"publish","type":"product","link":"https:\/\/www.mantall.eu\/de\/aerial-lifts\/ht390-telescopic-boom-lift\/","title":{"rendered":"HT390RT Teleskopmastb\u00fchne"},"content":{"rendered":"<h2>HT390RT Teleskopmastb\u00fchne Spezifikationen<span style=\"vertical-align: middle; padding: 0 10px;\"><div class=\"_df_thumb\" id=\"df_1121\"  _slug=\"ht390-410j\" data-title=\"ht390-410j\" wpoptions=\"true\" thumb=\"https:\/\/www.mantall.eu\/wp-content\/uploads\/2022\/11\/pdf.svg\" thumbtype=\"\" >ht390-410j<\/div><script class=\"df-shortcode-script\" nowprocket type=\"application\/javascript\">window.option_df_1121 = {\"outline\":[],\"autoEnableOutline\":\"false\",\"autoEnableThumbnail\":\"false\",\"overwritePDFOutline\":\"false\",\"direction\":\"1\",\"pageSize\":\"0\",\"source\":\"https:\\\/\\\/www.mantall.eu\\\/wp-content\\\/uploads\\\/2022\\\/11\\\/ht390-410j_EN.pdf\",\"wpOptions\":\"true\"}; if(window.DFLIP && window.DFLIP.parseBooks){window.DFLIP.parseBooks();}<\/script><\/span><\/h2>\n<table class=\"specification\">\n<thead>\n<tr>\n<th>Spezifikation<\/th>\n<th>Wert<\/th>\n<\/tr>\n<\/thead>\n<tbody>\n<tr>\n<td>Maximale Arbeitsh\u00f6he<\/td>\n<td>39 m<\/td>\n<\/tr>\n<tr>\n<td>Tragf\u00e4higkeit<\/td>\n<td>300 kg<\/td>\n<\/tr>\n<tr>\n<td>Gesamtbreite<\/td>\n<td>2.5 m<\/td>\n<\/tr>\n<tr>\n<td>Gesamtl\u00e4nge<\/td>\n<td>16.5 m<\/td>\n<\/tr>\n<tr>\n<td>Gesamtgewicht (4WD)<\/td>\n<td>24000 kg<\/td>\n<\/tr>\n<\/tbody>\n<\/table>","protected":false},"excerpt":{"rendered":"<p>Mantall<span id=\"super\">\u00ae<\/span> Die Teleskopb\u00fchne HT390RT hat eine Arbeitsh\u00f6he von bis zu 39 m, eine maximale Tragf\u00e4higkeit von 300 kg und ist mit einer gro\u00dfen Plattform ausgestattet, auf der bis zu drei Arbeiter und Werkzeuge Platz finden. Die 360-Grad-Drehung des Drehtischs bietet eine hervorragende Flexibilit\u00e4t f\u00fcr schwierige Arbeitseins\u00e4tze. Die HT390RT-Teleskopb\u00fchne verf\u00fcgt \u00fcber einen Wechselmodus der Fahrgeschwindigkeit, der sich an verschiedene unwegsame Gel\u00e4nde anpassen kann.<\/p>","protected":false},"featured_media":1106,"template":"","meta":{"_acf_changed":false,"_uag_custom_page_level_css":"","site-sidebar-layout":"default","site-content-layout":"default","ast-site-content-layout":"default","site-content-style":"default","site-sidebar-style":"default","ast-global-header-display":"","ast-banner-title-visibility":"","ast-main-header-display":"","ast-hfb-above-header-display":"","ast-hfb-below-header-display":"","ast-hfb-mobile-header-display":"","site-post-title":"","ast-breadcrumbs-content":"","ast-featured-img":"","footer-sml-layout":"","ast-disable-related-posts":"","theme-transparent-header-meta":"default","adv-header-id-meta":"","stick-header-meta":"default","header-above-stick-meta":"","header-main-stick-meta":"","header-below-stick-meta":"","astra-migrate-meta-layouts":"set","ast-page-background-enabled":"default","ast-page-background-meta":{"desktop":{"background-color":"var(--ast-global-color-4)","background-image":"","background-repeat":"repeat","background-position":"center center","background-size":"auto","background-attachment":"scroll","background-type":"","background-media":"","overlay-type":"","overlay-color":"","overlay-opacity":"","overlay-gradient":""},"tablet":{"background-color":"","background-image":"","background-repeat":"repeat","background-position":"center center","background-size":"auto","background-attachment":"scroll","background-type":"","background-media":"","overlay-type":"","overlay-color":"","overlay-opacity":"","overlay-gradient":""},"mobile":{"background-color":"","background-image":"","background-repeat":"repeat","background-position":"center center","background-size":"auto","background-attachment":"scroll","background-type":"","background-media":"","overlay-type":"","overlay-color":"","overlay-opacity":"","overlay-gradient":""}},"ast-content-background-meta":{"desktop":{"background-color":"var(--ast-global-color-5)","background-image":"","background-repeat":"repeat","background-position":"center center","background-size":"auto","background-attachment":"scroll","background-type":"","background-media":"","overlay-type":"","overlay-color":"","overlay-opacity":"","overlay-gradient":""},"tablet":{"background-color":"var(--ast-global-color-5)","background-image":"","background-repeat":"repeat","background-position":"center center","background-size":"auto","background-attachment":"scroll","background-type":"","background-media":"","overlay-type":"","overlay-color":"","overlay-opacity":"","overlay-gradient":""},"mobile":{"background-color":"var(--ast-global-color-5)","background-image":"","background-repeat":"repeat","background-position":"center center","background-size":"auto","background-attachment":"scroll","background-type":"","background-media":"","overlay-type":"","overlay-color":"","overlay-opacity":"","overlay-gradient":""}}},"product_brand":[],"product_cat":[25],"product_tag":[],"class_list":{"0":"post-1131","1":"product","2":"type-product","3":"status-publish","4":"has-post-thumbnail","6":"product_cat-telescopic-boom-lifts","7":"desktop-align-left","8":"tablet-align-left","9":"mobile-align-left","10":"ast-product-gallery-layout-first-image-large","11":"ast-product-tabs-layout-horizontal","13":"first","14":"instock","15":"taxable","16":"shipping-taxable","17":"product-type-simple"},"acf":[],"spectra_custom_meta":{"rank_math_internal_links_processed":["1","1","1","1","1","1","1","1","1","1","1","1","1","1","1","1","1","1","1","1","1","1","1","1","1","1","1"],"total_sales":["0"],"_tax_status":["taxable"],"_tax_class":[""],"_manage_stock":["no"],"_backorders":["no"],"_sold_individually":["no"],"_virtual":["no"],"_downloadable":["no"],"_download_limit":["-1"],"_download_expiry":["-1"],"_thumbnail_id":["1106"],"_stock":[null],"_stock_status":["instock"],"_wc_average_rating":["0"],"_wc_review_count":["0"],"_product_attributes":["a:3:{s:28:\"pa_telescopic-working-height\";a:6:{s:4:\"name\";s:28:\"pa_telescopic-working-height\";s:5:\"value\";s:0:\"\";s:8:\"position\";i:5;s:10:\"is_visible\";i:1;s:12:\"is_variation\";i:0;s:11:\"is_taxonomy\";i:1;}s:22:\"pa_telescopic-outreach\";a:6:{s:4:\"name\";s:22:\"pa_telescopic-outreach\";s:5:\"value\";s:0:\"\";s:8:\"position\";i:6;s:10:\"is_visible\";i:1;s:12:\"is_variation\";i:0;s:11:\"is_taxonomy\";i:1;}s:22:\"pa_telescopic-capacity\";a:6:{s:4:\"name\";s:22:\"pa_telescopic-capacity\";s:5:\"value\";s:0:\"\";s:8:\"position\";i:7;s:10:\"is_visible\";i:1;s:12:\"is_variation\";i:0;s:11:\"is_taxonomy\";i:1;}}"],"_product_version":["10.3.4"],"_uabb_version":["1.35.2"],"rank_math_seo_score":["78"],"rank_math_contentai_score":["a:4:{s:9:\"wordCount\";s:3:\"100\";s:9:\"linkCount\";s:1:\"0\";s:12:\"headingCount\";s:3:\"100\";s:10:\"mediaCount\";s:5:\"62.22\";}"],"brief_description":["<table class=\"specification\">\r\n<tbody>\r\n<tr>\r\n<td>Max Working Height<\/td>\r\n<td>39 m<\/td>\r\n<\/tr>\r\n<tr>\r\n<td>Lifting Capacity<\/td>\r\n<td>300 kg<\/td>\r\n<\/tr>\r\n<tr>\r\n<td>Overall Width<\/td>\r\n<td>2.5 m<\/td>\r\n<\/tr>\r\n<tr>\r\n<td>Overall Length<\/td>\r\n<td>16.5 m<\/td>\r\n<\/tr>\r\n<\/tbody>\r\n<\/table>"],"_brief_description":["field_637c0851009a8"],"standard_features":["<h2>Standard Features<\/h2>\r\n<ul>\r\n \t<li>Self-leveling platform<\/li>\r\n \t<li>Hydraulic rotation platform<\/li>\r\n \t<li>Hall effect fully proportional controls<\/li>\r\n \t<li>Driving confirm<\/li>\r\n \t<li>AC wiring to platform<\/li>\r\n \t<li>360\u00b0 Turntable rotation<\/li>\r\n \t<li>Horn<\/li>\r\n \t<li>Hour meter<\/li>\r\n \t<li>Tilt alarm<\/li>\r\n \t<li>Positive traction drive<\/li>\r\n \t<li>Dual Speed motor<\/li>\r\n \t<li>Emergency pump<\/li>\r\n \t<li>CAN intelligent control<\/li>\r\n \t<li>Overload sensor<\/li>\r\n<\/ul>"],"_standard_features":["field_6373e9bbd18e2"],"downloads":["<h2>Downloads<\/h2>\r\n<div class=\"productDownloads\"><a href=\"\/wp-content\/uploads\/2022\/11\/ht390-410j_EN.pdf\" target=\"_blank\" rel=\"noopener noreferrer\"><span id=\"dw-icon\"><i class=\"fas fa-download\"><\/i><\/span>HT390RT - Product Specifications - 2022 - EN<\/a>\r\n<a href=\"\/wp-content\/uploads\/2022\/11\/ht390-410j_ES.pdf\" target=\"_blank\" rel=\"noopener noreferrer\"><span id=\"dw-icon\"><i class=\"fas fa-download\"><\/i><\/span>HT390RT - Product Specifications - 2022 - ES<\/a><\/div>"],"options":["<h2>Options<\/h2>\r\n<ul>\r\n \t<li>Platform swing gate<\/li>\r\n \t<li>Platform alternate leverage<\/li>\r\n \t<li>Welder connecting packages<\/li>\r\n \t<li>Welder wire connecting to the platform<\/li>\r\n \t<li>Airline to platform<\/li>\r\n \t<li>Hydraulic oil cooler<\/li>\r\n \t<li>Hostile environment packages<\/li>\r\n \t<li>Anti-crash air packages<\/li>\r\n \t<li>Tool tray<\/li>\r\n \t<li>Alarm packages<\/li>\r\n \t<li>Platform work lights<\/li>\r\n \t<li>Traction packages<\/li>\r\n \t<li>AC power source<\/li>\r\n \t<li>Oscillating axle<\/li>\r\n<\/ul>"],"_options":["field_6373ebdfd18e4"],"rank_math_primary_product_cat":["25"],"site-sidebar-layout":["default"],"site-content-layout":["default"],"theme-transparent-header-meta":["default"],"stick-header-meta":["default"],"rank_math_focus_keyword":["Telescopic Boom Lift"],"_edit_lock":["1762114223:1"],"_edit_last":["1"],"_product_image_gallery":["1101,1102,1103,1104,1105"],"_downloads":["field_6373eb91d18e3"],"video":["<iframe src=\"https:\/\/www.youtube.com\/embed\/bGznDK31EP4\" width=\"320\" height=\"180\">\r\n<\/iframe>"],"_video":["field_63927274ced01"],"cmplz_hide_cookiebanner":[""],"rank_math_title":["HT390RT Telescopic Boom Lift | Aerial Lifts - Mantall"],"rank_math_description":["HT390RT telescopic boom lift has a max working height of 39m, a lifting capacity of 300kg, and is equipped with a large platform that can accommodate 3 workers."],"_trp_translated_slug_es_ES":["plataforma-telescopica-ht390"],"_trp_automatically_translated_slug_de_DE":["ht390-teleskop-ausleger-lift"],"_trp_automatically_translated_slug_fr_FR":["ht390-telescopic-boom-lift"],"_trp_automatically_translated_slug_it_IT":["ht390-sollevatore-telescopico-a-braccio"],"_trp_automatically_translated_slug_pl_PL":["ht390-teleskopowy-podnosnik-koszowy"],"_trp_automatically_translated_slug_nl_NL":["ht390-telescopische-boom-lift"],"_trp_automatically_translated_slug_pt_PT":["ht390-telescopic-boom-lift"],"rank_math_analytic_object_id":["10"],"astra_style_timestamp_css":["1742125567"],"rank_math_primary_product_brand":["0"],"ast-site-content-layout":["default"],"site-content-style":["default"],"site-sidebar-style":["default"],"astra-migrate-meta-layouts":["set"],"_uag_page_assets":["a:9:{s:3:\"css\";s:0:\"\";s:2:\"js\";s:0:\"\";s:18:\"current_block_list\";a:9:{i:0;s:11:\"core\/search\";i:1;s:10:\"core\/group\";i:2;s:12:\"core\/heading\";i:3;s:17:\"core\/latest-posts\";i:4;s:20:\"core\/latest-comments\";i:5;s:13:\"core\/archives\";i:7;s:15:\"core\/categories\";i:8;s:36:\"contact-form-7\/contact-form-selector\";i:9;s:14:\"core\/shortcode\";}s:8:\"uag_flag\";b:0;s:11:\"uag_version\";i:1774342923;s:6:\"gfonts\";a:0:{}s:10:\"gfonts_url\";s:0:\"\";s:12:\"gfonts_files\";a:0:{}s:14:\"uag_faq_layout\";b:0;}"]},"uagb_featured_image_src":{"full":["https:\/\/www.mantall.eu\/wp-content\/uploads\/2022\/11\/ht410_01.webp",600,800,false],"thumbnail":["https:\/\/www.mantall.eu\/wp-content\/uploads\/2022\/11\/ht410_01-150x150.webp",150,150,true],"medium":["https:\/\/www.mantall.eu\/wp-content\/uploads\/2022\/11\/ht410_01-225x300.webp",225,300,true],"medium_large":["https:\/\/www.mantall.eu\/wp-content\/uploads\/2022\/11\/ht410_01.webp",600,800,false],"large":["https:\/\/www.mantall.eu\/wp-content\/uploads\/2022\/11\/ht410_01.webp",600,800,false],"1536x1536":["https:\/\/www.mantall.eu\/wp-content\/uploads\/2022\/11\/ht410_01.webp",600,800,false],"2048x2048":["https:\/\/www.mantall.eu\/wp-content\/uploads\/2022\/11\/ht410_01.webp",600,800,false],"trp-custom-language-flag":["https:\/\/www.mantall.eu\/wp-content\/uploads\/2022\/11\/ht410_01-9x12.webp",9,12,true],"woocommerce_thumbnail":["https:\/\/www.mantall.eu\/wp-content\/uploads\/2022\/11\/ht410_01-300x400.webp",300,400,true],"woocommerce_single":["https:\/\/www.mantall.eu\/wp-content\/uploads\/2022\/11\/ht410_01.webp",600,800,false],"woocommerce_gallery_thumbnail":["https:\/\/www.mantall.eu\/wp-content\/uploads\/2022\/11\/ht410_01-100x100.webp",100,100,true]},"uagb_author_info":{"display_name":"mantall","author_link":"https:\/\/www.mantall.eu\/de\/author\/"},"uagb_comment_info":0,"uagb_excerpt":"Mantall\u00ae HT390RT telescopic boom lift has a working height of up to 39m, a maximum lifting capacity of 300kg, and is equipped with a large platform that can accommodate up to three workers and tools. 360-degree turntable rotation provides excellent flexibility for difficult work site applications. HT390RT telescopic boom lift has a change mode of&hellip;","_links":{"self":[{"href":"https:\/\/www.mantall.eu\/de\/wp-json\/wp\/v2\/product\/1131","targetHints":{"allow":["GET"]}}],"collection":[{"href":"https:\/\/www.mantall.eu\/de\/wp-json\/wp\/v2\/product"}],"about":[{"href":"https:\/\/www.mantall.eu\/de\/wp-json\/wp\/v2\/types\/product"}],"wp:featuredmedia":[{"embeddable":true,"href":"https:\/\/www.mantall.eu\/de\/wp-json\/wp\/v2\/media\/1106"}],"wp:attachment":[{"href":"https:\/\/www.mantall.eu\/de\/wp-json\/wp\/v2\/media?parent=1131"}],"wp:term":[{"taxonomy":"product_brand","embeddable":true,"href":"https:\/\/www.mantall.eu\/de\/wp-json\/wp\/v2\/product_brand?post=1131"},{"taxonomy":"product_cat","embeddable":true,"href":"https:\/\/www.mantall.eu\/de\/wp-json\/wp\/v2\/product_cat?post=1131"},{"taxonomy":"product_tag","embeddable":true,"href":"https:\/\/www.mantall.eu\/de\/wp-json\/wp\/v2\/product_tag?post=1131"}],"curies":[{"name":"wp","href":"https:\/\/api.w.org\/{rel}","templated":true}]}}