{"id":1033,"date":"2022-11-28T20:31:32","date_gmt":"2022-11-28T19:31:32","guid":{"rendered":"https:\/\/www.mantall.eu\/?post_type=product&#038;p=1033"},"modified":"2025-11-03T11:53:03","modified_gmt":"2025-11-03T10:53:03","slug":"hz200j-gelenk-ausleger-lift","status":"publish","type":"product","link":"https:\/\/www.mantall.eu\/de\/aerial-lifts\/hz200j-articulated-boom-lift\/","title":{"rendered":"HZ200JE-Gelenkmastb\u00fchne"},"content":{"rendered":"<h2>Spezifikationen der HZ200JE-Gelenkmastb\u00fchne<span style=\"vertical-align: middle; padding: 0 10px;\"><div class=\"_df_thumb\" id=\"df_1029\"  _slug=\"hz200j\" data-title=\"hz200j\" wpoptions=\"true\" thumb=\"https:\/\/www.mantall.eu\/wp-content\/uploads\/2022\/11\/pdf.svg\" thumbtype=\"\" >hz200j<\/div><script class=\"df-shortcode-script\" nowprocket type=\"application\/javascript\">window.option_df_1029 = {\"outline\":[],\"autoEnableOutline\":\"false\",\"autoEnableThumbnail\":\"false\",\"overwritePDFOutline\":\"false\",\"direction\":\"1\",\"pageSize\":\"0\",\"source\":\"https:\\\/\\\/www.mantall.eu\\\/wp-content\\\/uploads\\\/2022\\\/11\\\/hz200j_EN.pdf\",\"wpOptions\":\"true\"}; if(window.DFLIP && window.DFLIP.parseBooks){window.DFLIP.parseBooks();}<\/script><\/span><\/h2>\n<table class=\"specification\">\n<thead>\n<tr>\n<th>Spezifikation<\/th>\n<th>Wert<\/th>\n<\/tr>\n<\/thead>\n<tbody>\n<tr>\n<td>Maximale Arbeitsh\u00f6he<\/td>\n<td>20.3 m<\/td>\n<\/tr>\n<tr>\n<td>Max Working Outreach<\/td>\n<td>11.3 m<\/td>\n<\/tr>\n<tr>\n<td>Maximaler Freiraum nach oben und oben<\/td>\n<td>8.1 m<\/td>\n<\/tr>\n<tr>\n<td>Tragf\u00e4higkeit<\/td>\n<td>230 kg<\/td>\n<\/tr>\n<tr>\n<td>Gesamtbreite<\/td>\n<td>2.49 m<\/td>\n<\/tr>\n<tr>\n<td>Gesamtl\u00e4nge<\/td>\n<td>8.35 m<\/td>\n<\/tr>\n<tr>\n<td>Gesamtgewicht<\/td>\n<td>9650 kg<\/td>\n<\/tr>\n<\/tbody>\n<\/table>","protected":false},"excerpt":{"rendered":"<p>Mantall<span id=\"super\">\u00ae<\/span> Die Knickarmhebeb\u00fchne HZ200JE hat eine maximale Arbeitsh\u00f6he von 20,3 Metern, einen um 360 Grad drehbaren Drehtisch, eine nach oben und unten sowie nach links und rechts bewegliche Arbeitsb\u00fchne, spurlose Reifen und Strombatterien. Dank seiner emissionsfreien und ger\u00e4uscharmen Eigenschaften eignet er sich f\u00fcr den Einsatz in Innenr\u00e4umen. Der HZ200JE ist mit einem Hall-Effekt-Proportional-Joystick und einem intelligenten CAN-Steuerungssystem ausgestattet, was die Wartung und Aufr\u00fcstung erleichtert. Die HZ200JE-Gelenkhebeb\u00fchne kann multidirektionale, pr\u00e4zise Positionierungs- und Hebevorg\u00e4nge durchf\u00fchren und erm\u00f6glicht es den Arbeitern, in einem begrenzten Arbeitsbereich zu arbeiten und Hindernissen auszuweichen.<\/p>","protected":false},"featured_media":1022,"template":"","meta":{"_acf_changed":false,"_uag_custom_page_level_css":"","site-sidebar-layout":"default","site-content-layout":"default","ast-site-content-layout":"default","site-content-style":"default","site-sidebar-style":"default","ast-global-header-display":"","ast-banner-title-visibility":"","ast-main-header-display":"","ast-hfb-above-header-display":"","ast-hfb-below-header-display":"","ast-hfb-mobile-header-display":"","site-post-title":"","ast-breadcrumbs-content":"","ast-featured-img":"","footer-sml-layout":"","ast-disable-related-posts":"","theme-transparent-header-meta":"default","adv-header-id-meta":"","stick-header-meta":"default","header-above-stick-meta":"","header-main-stick-meta":"","header-below-stick-meta":"","astra-migrate-meta-layouts":"set","ast-page-background-enabled":"default","ast-page-background-meta":{"desktop":{"background-color":"var(--ast-global-color-4)","background-image":"","background-repeat":"repeat","background-position":"center center","background-size":"auto","background-attachment":"scroll","background-type":"","background-media":"","overlay-type":"","overlay-color":"","overlay-opacity":"","overlay-gradient":""},"tablet":{"background-color":"","background-image":"","background-repeat":"repeat","background-position":"center center","background-size":"auto","background-attachment":"scroll","background-type":"","background-media":"","overlay-type":"","overlay-color":"","overlay-opacity":"","overlay-gradient":""},"mobile":{"background-color":"","background-image":"","background-repeat":"repeat","background-position":"center center","background-size":"auto","background-attachment":"scroll","background-type":"","background-media":"","overlay-type":"","overlay-color":"","overlay-opacity":"","overlay-gradient":""}},"ast-content-background-meta":{"desktop":{"background-color":"var(--ast-global-color-5)","background-image":"","background-repeat":"repeat","background-position":"center center","background-size":"auto","background-attachment":"scroll","background-type":"","background-media":"","overlay-type":"","overlay-color":"","overlay-opacity":"","overlay-gradient":""},"tablet":{"background-color":"var(--ast-global-color-5)","background-image":"","background-repeat":"repeat","background-position":"center center","background-size":"auto","background-attachment":"scroll","background-type":"","background-media":"","overlay-type":"","overlay-color":"","overlay-opacity":"","overlay-gradient":""},"mobile":{"background-color":"var(--ast-global-color-5)","background-image":"","background-repeat":"repeat","background-position":"center center","background-size":"auto","background-attachment":"scroll","background-type":"","background-media":"","overlay-type":"","overlay-color":"","overlay-opacity":"","overlay-gradient":""}}},"product_brand":[],"product_cat":[24],"product_tag":[],"class_list":{"0":"post-1033","1":"product","2":"type-product","3":"status-publish","4":"has-post-thumbnail","6":"product_cat-articulated-boom-lifts","7":"desktop-align-left","8":"tablet-align-left","9":"mobile-align-left","10":"ast-product-gallery-layout-first-image-large","11":"ast-product-tabs-layout-horizontal","13":"first","14":"instock","15":"taxable","16":"shipping-taxable","17":"product-type-simple"},"acf":[],"spectra_custom_meta":{"rank_math_internal_links_processed":["1","1","1","1","1","1","1","1","1","1","1","1","1","1","1","1","1","1"],"total_sales":["0"],"_tax_status":["taxable"],"_tax_class":[""],"_manage_stock":["no"],"_backorders":["no"],"_sold_individually":["no"],"_virtual":["no"],"_downloadable":["no"],"_product_image_gallery":["1023,1024,1026,1025"],"_download_limit":["-1"],"_download_expiry":["-1"],"_thumbnail_id":["1022"],"_stock":[null],"_stock_status":["instock"],"_wc_average_rating":["0"],"_wc_review_count":["0"],"_product_attributes":["a:5:{s:29:\"pa_articulated-working-height\";a:6:{s:4:\"name\";s:29:\"pa_articulated-working-height\";s:5:\"value\";s:0:\"\";s:8:\"position\";i:4;s:10:\"is_visible\";i:1;s:12:\"is_variation\";i:0;s:11:\"is_taxonomy\";i:1;}s:23:\"pa_articulated-outreach\";a:6:{s:4:\"name\";s:23:\"pa_articulated-outreach\";s:5:\"value\";s:0:\"\";s:8:\"position\";i:5;s:10:\"is_visible\";i:1;s:12:\"is_variation\";i:0;s:11:\"is_taxonomy\";i:1;}s:26:\"pa_articulated-up-and-over\";a:6:{s:4:\"name\";s:26:\"pa_articulated-up-and-over\";s:5:\"value\";s:0:\"\";s:8:\"position\";i:6;s:10:\"is_visible\";i:1;s:12:\"is_variation\";i:0;s:11:\"is_taxonomy\";i:1;}s:23:\"pa_articulated-capacity\";a:6:{s:4:\"name\";s:23:\"pa_articulated-capacity\";s:5:\"value\";s:0:\"\";s:8:\"position\";i:7;s:10:\"is_visible\";i:1;s:12:\"is_variation\";i:0;s:11:\"is_taxonomy\";i:1;}s:15:\"pa_power-source\";a:6:{s:4:\"name\";s:15:\"pa_power-source\";s:5:\"value\";s:0:\"\";s:8:\"position\";i:8;s:10:\"is_visible\";i:1;s:12:\"is_variation\";i:0;s:11:\"is_taxonomy\";i:1;}}"],"_product_version":["10.3.4"],"_uabb_version":["1.35.2"],"rank_math_seo_score":["87"],"rank_math_contentai_score":["a:4:{s:9:\"wordCount\";s:3:\"100\";s:9:\"linkCount\";s:1:\"0\";s:12:\"headingCount\";s:3:\"100\";s:10:\"mediaCount\";s:5:\"62.22\";}"],"brief_description":["<table class=\"specification\">\r\n<tbody>\r\n<tr>\r\n<td>Max Working Height<\/td>\r\n<td>20.3 m<\/td>\r\n<\/tr>\r\n<tr>\r\n<td>Max Working Outreach<\/td>\r\n<td>11.3 m<\/td>\r\n<\/tr>\r\n<tr>\r\n<td>Max Up and Over Clearance<\/td>\r\n<td>8.1 m<\/td>\r\n<\/tr>\r\n<tr>\r\n<td>Lifting Capacity<\/td>\r\n<td>230 kg<\/td>\r\n<\/tr>\r\n<tr>\r\n<td>Overall Width<\/td>\r\n<td>2.49 m<\/td>\r\n<\/tr>\r\n<tr>\r\n<td>Overall Length<\/td>\r\n<td>8.35 m<\/td>\r\n<\/tr>\r\n<\/tbody>\r\n<\/table>"],"_brief_description":["field_637c0851009a8"],"standard_features":["<h2>Standard Features<\/h2>\r\n<ul>\r\n \t<li>Self-leveling platform<\/li>\r\n \t<li>Hydraulic rotation platform<\/li>\r\n \t<li>Hall effect fully proportional controls<\/li>\r\n \t<li>Driving confirm<\/li>\r\n \t<li>AC wiring to platform<\/li>\r\n \t<li>Horn<\/li>\r\n \t<li>Hour meter<\/li>\r\n \t<li>Tilt alarm<\/li>\r\n \t<li>Positive traction drive<\/li>\r\n \t<li>Dual Speed motor<\/li>\r\n \t<li>Emergency pump<\/li>\r\n \t<li>CAN intelligent control<\/li>\r\n \t<li>Overload sensor<\/li>\r\n<\/ul>"],"_standard_features":["field_6373e9bbd18e2"],"downloads":["<h2>Downloads<\/h2>\r\n<div class=\"productDownloads\"><a href=\"\/wp-content\/uploads\/2022\/11\/hz200j_EN.pdf\" target=\"_blank\" rel=\"noopener noreferrer\"><span id=\"dw-icon\"><i class=\"fas fa-download\"><\/i><\/span>HZ200JE - Product Specifications - 2022 - EN<\/a>\r\n<a href=\"\/wp-content\/uploads\/2022\/11\/hz200j_ES.pdf\" target=\"_blank\" rel=\"noopener noreferrer\"><span id=\"dw-icon\"><i class=\"fas fa-download\"><\/i><\/span>HZ200JE - Product Specifications - 2022 - ES<\/a><\/div>"],"options":["<h2>Options<\/h2>\r\n<ul>\r\n \t<li>Platform swing gate<\/li>\r\n \t<li>Platform alternate leverage<\/li>\r\n \t<li>Airline to platform<\/li>\r\n \t<li>Hydraulic oil cooler<\/li>\r\n \t<li>Hostile environment packages<\/li>\r\n \t<li>Anti-crash air packages<\/li>\r\n \t<li>Tool tray<\/li>\r\n \t<li>Alarm packages<\/li>\r\n \t<li>Platform work lights<\/li>\r\n<\/ul>"],"_options":["field_6373ebdfd18e4"],"rank_math_primary_product_cat":["24"],"site-sidebar-layout":["default"],"site-content-layout":["default"],"theme-transparent-header-meta":["default"],"stick-header-meta":["default"],"rank_math_focus_keyword":["Articulated Boom Lift"],"_edit_lock":["1762167042:1"],"_edit_last":["1"],"_downloads":["field_6373eb91d18e3"],"video":[""],"_video":["field_63927274ced01"],"cmplz_hide_cookiebanner":[""],"rank_math_title":["HZ200JE Articulated Boom Lift | Aerial Lifts - Mantall"],"rank_math_description":["HZ200JE articulated boom lift has a maximum working height of 20.3 meters, a 360-degree turntable rotation, a working platform that can move up and down, non-marking tires."],"_trp_translated_slug_es_ES":["plataforma-articulada-electrica-hz200j"],"_trp_automatically_translated_slug_de_DE":["hz200j-gelenk-ausleger-lift"],"_trp_automatically_translated_slug_fr_FR":["hz200j-articulated-boom-lift"],"_trp_automatically_translated_slug_it_IT":["hz200j-ascensore-a-braccio-articolato"],"_trp_automatically_translated_slug_pl_PL":["hz200j-czolgowy-podnosnik-koszowy"],"_trp_automatically_translated_slug_nl_NL":["hz200j-gelede-boom-lift"],"_trp_automatically_translated_slug_pt_PT":["hz200j-articulado-elevador-de-lanca"],"rank_math_analytic_object_id":["24"],"astra_style_timestamp_css":["1742171943"],"rank_math_primary_product_brand":["0"],"ast-site-content-layout":["default"],"site-content-style":["default"],"site-sidebar-style":["default"],"astra-migrate-meta-layouts":["set"],"_uag_page_assets":["a:9:{s:3:\"css\";s:0:\"\";s:2:\"js\";s:0:\"\";s:18:\"current_block_list\";a:9:{i:0;s:11:\"core\/search\";i:1;s:10:\"core\/group\";i:2;s:12:\"core\/heading\";i:3;s:17:\"core\/latest-posts\";i:4;s:20:\"core\/latest-comments\";i:5;s:13:\"core\/archives\";i:7;s:15:\"core\/categories\";i:8;s:36:\"contact-form-7\/contact-form-selector\";i:9;s:14:\"core\/shortcode\";}s:8:\"uag_flag\";b:0;s:11:\"uag_version\";i:1774342923;s:6:\"gfonts\";a:0:{}s:10:\"gfonts_url\";s:0:\"\";s:12:\"gfonts_files\";a:0:{}s:14:\"uag_faq_layout\";b:0;}"]},"uagb_featured_image_src":{"full":["https:\/\/www.mantall.eu\/wp-content\/uploads\/2022\/11\/hz200j_01.webp",600,800,false],"thumbnail":["https:\/\/www.mantall.eu\/wp-content\/uploads\/2022\/11\/hz200j_01-150x150.webp",150,150,true],"medium":["https:\/\/www.mantall.eu\/wp-content\/uploads\/2022\/11\/hz200j_01-225x300.webp",225,300,true],"medium_large":["https:\/\/www.mantall.eu\/wp-content\/uploads\/2022\/11\/hz200j_01.webp",600,800,false],"large":["https:\/\/www.mantall.eu\/wp-content\/uploads\/2022\/11\/hz200j_01.webp",600,800,false],"1536x1536":["https:\/\/www.mantall.eu\/wp-content\/uploads\/2022\/11\/hz200j_01.webp",600,800,false],"2048x2048":["https:\/\/www.mantall.eu\/wp-content\/uploads\/2022\/11\/hz200j_01.webp",600,800,false],"trp-custom-language-flag":["https:\/\/www.mantall.eu\/wp-content\/uploads\/2022\/11\/hz200j_01-9x12.webp",9,12,true],"woocommerce_thumbnail":["https:\/\/www.mantall.eu\/wp-content\/uploads\/2022\/11\/hz200j_01-300x400.webp",300,400,true],"woocommerce_single":["https:\/\/www.mantall.eu\/wp-content\/uploads\/2022\/11\/hz200j_01.webp",600,800,false],"woocommerce_gallery_thumbnail":["https:\/\/www.mantall.eu\/wp-content\/uploads\/2022\/11\/hz200j_01-100x100.webp",100,100,true]},"uagb_author_info":{"display_name":"mantall","author_link":"https:\/\/www.mantall.eu\/de\/author\/"},"uagb_comment_info":0,"uagb_excerpt":"Mantall\u00ae HZ200JE articulated boom lift has a maximum working height of 20.3 meters, a 360-degree turntable rotation, a working platform that can move up and down, left and right, non-marking tires and power batteries. The zero emission and low noise characteristics make it suitable for indoor applications. HZ200JE is equipped with Hall effect proportional joystick&hellip;","_links":{"self":[{"href":"https:\/\/www.mantall.eu\/de\/wp-json\/wp\/v2\/product\/1033","targetHints":{"allow":["GET"]}}],"collection":[{"href":"https:\/\/www.mantall.eu\/de\/wp-json\/wp\/v2\/product"}],"about":[{"href":"https:\/\/www.mantall.eu\/de\/wp-json\/wp\/v2\/types\/product"}],"wp:featuredmedia":[{"embeddable":true,"href":"https:\/\/www.mantall.eu\/de\/wp-json\/wp\/v2\/media\/1022"}],"wp:attachment":[{"href":"https:\/\/www.mantall.eu\/de\/wp-json\/wp\/v2\/media?parent=1033"}],"wp:term":[{"taxonomy":"product_brand","embeddable":true,"href":"https:\/\/www.mantall.eu\/de\/wp-json\/wp\/v2\/product_brand?post=1033"},{"taxonomy":"product_cat","embeddable":true,"href":"https:\/\/www.mantall.eu\/de\/wp-json\/wp\/v2\/product_cat?post=1033"},{"taxonomy":"product_tag","embeddable":true,"href":"https:\/\/www.mantall.eu\/de\/wp-json\/wp\/v2\/product_tag?post=1033"}],"curies":[{"name":"wp","href":"https:\/\/api.w.org\/{rel}","templated":true}]}}